{"id":2100,"date":"2023-09-05T22:09:56","date_gmt":"2023-09-05T20:09:56","guid":{"rendered":"https:\/\/joseluispena.es\/?page_id=2100"},"modified":"2024-05-06T12:45:40","modified_gmt":"2024-05-06T10:45:40","slug":"venta-y-colocacion-de-tarimas-flotantes-electrodomesticosfalsos-techos-aislantes","status":"publish","type":"page","link":"https:\/\/joseluispena.es\/fr\/venta-y-colocacion-de-tarimas-flotantes-electrodomesticosfalsos-techos-aislantes\/","title":{"rendered":"Vente et installation de plateformes flottantes, \u00e9lectrom\u00e9nager, faux plafonds, isolation."},"content":{"rendered":"<div data-elementor-type=\"wp-page\" data-elementor-id=\"2100\" class=\"elementor elementor-2100\" data-elementor-post-type=\"page\">\n\t\t\t\t\t\t<section data-particle_enable=\"false\" data-particle-mobile-disabled=\"false\" class=\"elementor-section elementor-top-section elementor-element elementor-element-34a83043 elementor-section-height-min-height elementor-section-boxed elementor-section-height-default elementor-section-items-middle\" data-id=\"34a83043\" data-element_type=\"section\" data-e-type=\"section\" data-settings=\"{&quot;background_background&quot;:&quot;classic&quot;}\">\n\t\t\t\t\t\t\t<div class=\"elementor-background-overlay\"><\/div>\n\t\t\t\t\t\t\t<div class=\"elementor-container elementor-column-gap-default\">\n\t\t\t\t\t<div class=\"elementor-column elementor-col-100 elementor-top-column elementor-element elementor-element-7f00b13a\" data-id=\"7f00b13a\" data-element_type=\"column\" data-e-type=\"column\">\n\t\t\t<div class=\"elementor-widget-wrap elementor-element-populated\">\n\t\t\t\t\t\t<section data-particle_enable=\"false\" data-particle-mobile-disabled=\"false\" class=\"elementor-section elementor-inner-section elementor-element elementor-element-7126fceb elementor-section-boxed elementor-section-height-default elementor-section-height-default\" data-id=\"7126fceb\" data-element_type=\"section\" data-e-type=\"section\">\n\t\t\t\t\t\t<div class=\"elementor-container elementor-column-gap-default\">\n\t\t\t\t\t<div class=\"elementor-column elementor-col-100 elementor-inner-column elementor-element elementor-element-5668fd20\" data-id=\"5668fd20\" data-element_type=\"column\" data-e-type=\"column\">\n\t\t\t<div class=\"elementor-widget-wrap elementor-element-populated\">\n\t\t\t\t\t\t<div class=\"elementor-element elementor-element-15b9d1f2 elementor-widget-widescreen__width-initial elementor-widget elementor-widget-heading\" data-id=\"15b9d1f2\" data-element_type=\"widget\" data-e-type=\"widget\" data-widget_type=\"heading.default\">\n\t\t\t\t<div class=\"elementor-widget-container\">\n\t\t\t\t\t<h2 class=\"elementor-heading-title elementor-size-default\">Vente et installation de plateformes flottantes, \u00e9lectrom\u00e9nager, faux plafonds, isolation.<\/h2>\t\t\t\t<\/div>\n\t\t\t\t<\/div>\n\t\t\t\t\t<\/div>\n\t\t<\/div>\n\t\t\t\t\t<\/div>\n\t\t<\/section>\n\t\t\t\t\t<\/div>\n\t\t<\/div>\n\t\t\t\t\t<\/div>\n\t\t<\/section>\n\t\t\t\t<section data-particle_enable=\"false\" data-particle-mobile-disabled=\"false\" class=\"elementor-section elementor-top-section elementor-element elementor-element-2fed73 elementor-section-boxed elementor-section-height-default elementor-section-height-default\" data-id=\"2fed73\" data-element_type=\"section\" data-e-type=\"section\" data-settings=\"{&quot;background_background&quot;:&quot;classic&quot;}\">\n\t\t\t\t\t\t\t<div class=\"elementor-background-overlay\"><\/div>\n\t\t\t\t\t\t\t<div class=\"elementor-container elementor-column-gap-default\">\n\t\t\t\t\t<div class=\"elementor-column elementor-col-50 elementor-top-column elementor-element elementor-element-454b00c3\" data-id=\"454b00c3\" data-element_type=\"column\" data-e-type=\"column\">\n\t\t\t<div class=\"elementor-widget-wrap elementor-element-populated\">\n\t\t\t\t\t\t<div class=\"elementor-element elementor-element-3aa55f24 elementor-widget elementor-widget-text-editor\" data-id=\"3aa55f24\" data-element_type=\"widget\" data-e-type=\"widget\" data-widget_type=\"text-editor.default\">\n\t\t\t\t<div class=\"elementor-widget-container\">\n\t\t\t\t\t\t\t\t\t<p>Red\u00e9finissez vos espaces avec l'aide de notre service de vente et de pose de parquet flottant et faux plafonds.<\/p><p>Nous offrons qualit\u00e9 et style, des mat\u00e9riaux haut de gamme soumis \u00e0 une installation experte.<\/p><p>Sols chauds et r\u00e9sistants ou plafonds exquis. Nous donnons forme et vie \u00e0 vos id\u00e9es pour cr\u00e9er un environnement distinctif et unique avec une touche d'excellence.<\/p>\t\t\t\t\t\t\t\t<\/div>\n\t\t\t\t<\/div>\n\t\t\t\t\t<\/div>\n\t\t<\/div>\n\t\t\t\t<div class=\"elementor-column elementor-col-50 elementor-top-column elementor-element elementor-element-35f67fd6\" data-id=\"35f67fd6\" data-element_type=\"column\" data-e-type=\"column\">\n\t\t\t<div class=\"elementor-widget-wrap elementor-element-populated\">\n\t\t\t\t\t\t<section data-particle_enable=\"false\" data-particle-mobile-disabled=\"false\" class=\"elementor-section elementor-inner-section elementor-element elementor-element-332c9067 elementor-section-boxed elementor-section-height-default elementor-section-height-default\" data-id=\"332c9067\" data-element_type=\"section\" data-e-type=\"section\">\n\t\t\t\t\t\t<div class=\"elementor-container elementor-column-gap-default\">\n\t\t\t\t\t<div class=\"elementor-column elementor-col-100 elementor-inner-column elementor-element elementor-element-1cb972d8\" data-id=\"1cb972d8\" data-element_type=\"column\" data-e-type=\"column\">\n\t\t\t<div class=\"elementor-widget-wrap elementor-element-populated\">\n\t\t\t\t\t\t<div class=\"elementor-element elementor-element-4529720d premium-adv-carousel__infinite premium-adv-carousel__horizontal elementor-widget elementor-widget-premium-media-wheel\" data-id=\"4529720d\" data-element_type=\"widget\" data-e-type=\"widget\" data-widget_type=\"premium-media-wheel.default\">\n\t\t\t\t<div class=\"elementor-widget-container\">\n\t\t\t\t\t\t\t<div class=\"premium-adv-carousel-no-lightbox premium-adv-carousel__container\" data-settings=\"{&quot;type&quot;:&quot;infinite&quot;,&quot;scroll&quot;:false,&quot;speed&quot;:55,&quot;pauseOnHover&quot;:true,&quot;dir&quot;:&quot;horizontal&quot;,&quot;reverse&quot;:&quot;normal&quot;,&quot;renderEvent&quot;:&quot;scroll&quot;}\">\r\n\r\n\t\t\t<div style=\"visibility:hidden;\" class=\"premium-adv-carousel__inner-container\">\r\n\r\n\t\t\t\t<div class=\"premium-adv-carousel__items\">\r\n\r\n\t\t\t\t\t\t\t\t<div class=\"premium-adv-carousel__item-outer-wrapper\">\r\n\t\t\t\t<div class=\"elementor-repeater-item-160c281 premium-adv-carousel__item premium-adv-carousel__item-image\">\r\n\t\t\t\t\t<div class=\"premium-adv-carousel__media-wrap\">\r\n\t\t\t\t\t\t\t\t\t\t\t\t\t\t<img decoding=\"async\" src=\"https:\/\/joseluispena.es\/wp-content\/uploads\/2023\/04\/12779167_690306861071668_1238843678819590990_o.jpg\" alt=\"12779167_690306861071668_1238843678819590990_o\" class=\"premium-adv-carousel__item-img premium-hover-effects__zoomin\">\r\n\t\t\t\t\t\t\t\t\t\t\t\t<\/div>\r\n\r\n\t\t\t\t\t\r\n\t\t\t\t\t\t\t\t\t<\/div>\r\n\t\t\t<\/div>\r\n\t\t\t\t\t\t<div class=\"premium-adv-carousel__item-outer-wrapper\">\r\n\t\t\t\t<div class=\"elementor-repeater-item-b766b9a premium-adv-carousel__item premium-adv-carousel__item-image\">\r\n\t\t\t\t\t<div class=\"premium-adv-carousel__media-wrap\">\r\n\t\t\t\t\t\t\t\t\t\t\t\t\t\t<img decoding=\"async\" src=\"https:\/\/joseluispena.es\/wp-content\/uploads\/2023\/04\/11114245_584708668298155_953073808792229204_n_1-1.jpg\" alt=\"11114245_584708668298155_953073808792229204_n_1\" class=\"premium-adv-carousel__item-img premium-hover-effects__zoomin\">\r\n\t\t\t\t\t\t\t\t\t\t\t\t<\/div>\r\n\r\n\t\t\t\t\t\r\n\t\t\t\t\t\t\t\t\t<\/div>\r\n\t\t\t<\/div>\r\n\t\t\t\t\t\t<div class=\"premium-adv-carousel__item-outer-wrapper\">\r\n\t\t\t\t<div class=\"elementor-repeater-item-6ccfe39 premium-adv-carousel__item premium-adv-carousel__item-image\">\r\n\t\t\t\t\t<div class=\"premium-adv-carousel__media-wrap\">\r\n\t\t\t\t\t\t\t\t\t\t\t\t\t\t<img decoding=\"async\" src=\"https:\/\/joseluispena.es\/wp-content\/uploads\/2023\/04\/10487187_556638741105148_3842875077226729217_n-1.jpg\" alt=\"10487187_556638741105148_3842875077226729217_n\" class=\"premium-adv-carousel__item-img premium-hover-effects__zoomin\">\r\n\t\t\t\t\t\t\t\t\t\t\t\t<\/div>\r\n\r\n\t\t\t\t\t\r\n\t\t\t\t\t\t\t\t\t<\/div>\r\n\t\t\t<\/div>\r\n\t\t\t\t\t\t<div class=\"premium-adv-carousel__item-outer-wrapper\">\r\n\t\t\t\t<div class=\"elementor-repeater-item-45ad9b3 premium-adv-carousel__item premium-adv-carousel__item-image\">\r\n\t\t\t\t\t<div class=\"premium-adv-carousel__media-wrap\">\r\n\t\t\t\t\t\t\t\t\t\t\t\t\t\t<img decoding=\"async\" src=\"https:\/\/joseluispena.es\/wp-content\/uploads\/2023\/11\/celosia.jpg\" alt=\"celosia\" class=\"premium-adv-carousel__item-img premium-hover-effects__zoomin\">\r\n\t\t\t\t\t\t\t\t\t\t\t\t<\/div>\r\n\r\n\t\t\t\t\t\r\n\t\t\t\t\t\t\t\t\t<\/div>\r\n\t\t\t<\/div>\r\n\t\t\t\t\t\t\t<\/div>\r\n\t\t\t<\/div>\r\n\t\t<\/div>\r\n\t\t\t\t\t\t<\/div>\n\t\t\t\t<\/div>\n\t\t\t\t\t<\/div>\n\t\t<\/div>\n\t\t\t\t\t<\/div>\n\t\t<\/section>\n\t\t\t\t\t<\/div>\n\t\t<\/div>\n\t\t\t\t\t<\/div>\n\t\t<\/section>\n\t\t\t\t<section data-particle_enable=\"false\" data-particle-mobile-disabled=\"false\" class=\"elementor-section elementor-top-section elementor-element elementor-element-4633975 elementor-hidden-widescreen elementor-hidden-desktop elementor-hidden-tablet elementor-hidden-mobile elementor-section-boxed elementor-section-height-default elementor-section-height-default\" data-id=\"4633975\" data-element_type=\"section\" data-e-type=\"section\" data-settings=\"{&quot;background_background&quot;:&quot;classic&quot;}\">\n\t\t\t\t\t\t\t<div class=\"elementor-background-overlay\"><\/div>\n\t\t\t\t\t\t\t<div class=\"elementor-container elementor-column-gap-default\">\n\t\t\t\t\t<div class=\"elementor-column elementor-col-50 elementor-top-column elementor-element elementor-element-11a7e36\" data-id=\"11a7e36\" data-element_type=\"column\" data-e-type=\"column\">\n\t\t\t<div class=\"elementor-widget-wrap elementor-element-populated\">\n\t\t\t\t\t\t<div class=\"elementor-element elementor-element-fa18bb5 elementor-widget elementor-widget-text-editor\" data-id=\"fa18bb5\" data-element_type=\"widget\" data-e-type=\"widget\" data-widget_type=\"text-editor.default\">\n\t\t\t\t<div class=\"elementor-widget-container\">\n\t\t\t\t\t\t\t\t\t<p>Eu iusto dolorum pro, facer oportere duo ne. Cum ei commune instructior. Ne dicat qualisque ullamcorper ius, ubique dolorum consetetur in vis. Nisl commodo te sed.<\/p><p>\u00a0<\/p><p>Eu iusto dolorum pro, facer oportere duo ne. Cum ei commune instructior. Ne dicat qualisque ullamcorper ius, ubique dolorum consetetur in vis. Nisl commodo te sed.<\/p>\t\t\t\t\t\t\t\t<\/div>\n\t\t\t\t<\/div>\n\t\t\t\t\t<\/div>\n\t\t<\/div>\n\t\t\t\t<div class=\"elementor-column elementor-col-50 elementor-top-column elementor-element elementor-element-95b968c\" data-id=\"95b968c\" data-element_type=\"column\" data-e-type=\"column\">\n\t\t\t<div class=\"elementor-widget-wrap elementor-element-populated\">\n\t\t\t\t\t\t<section data-particle_enable=\"false\" data-particle-mobile-disabled=\"false\" class=\"elementor-section elementor-inner-section elementor-element elementor-element-03fc2c9 elementor-section-boxed elementor-section-height-default elementor-section-height-default\" data-id=\"03fc2c9\" data-element_type=\"section\" data-e-type=\"section\">\n\t\t\t\t\t\t<div class=\"elementor-container elementor-column-gap-default\">\n\t\t\t\t\t<div class=\"elementor-column elementor-col-50 elementor-inner-column elementor-element elementor-element-78ecd5d\" data-id=\"78ecd5d\" data-element_type=\"column\" data-e-type=\"column\">\n\t\t\t<div class=\"elementor-widget-wrap elementor-element-populated\">\n\t\t\t\t\t\t<div class=\"elementor-element elementor-element-887e57e elementor-widget elementor-widget-image\" data-id=\"887e57e\" data-element_type=\"widget\" data-e-type=\"widget\" data-widget_type=\"image.default\">\n\t\t\t\t<div class=\"elementor-widget-container\">\n\t\t\t\t\t\t\t\t\t\t\t\t\t\t\t<img fetchpriority=\"high\" decoding=\"async\" width=\"800\" height=\"532\" src=\"https:\/\/joseluispena.es\/wp-content\/uploads\/2023\/04\/12779167_690306861071668_1238843678819590990_o-1024x681.jpg\" class=\"attachment-large size-large wp-image-1800\" alt=\"\" srcset=\"https:\/\/joseluispena.es\/wp-content\/uploads\/2023\/04\/12779167_690306861071668_1238843678819590990_o-1024x681.jpg 1024w, https:\/\/joseluispena.es\/wp-content\/uploads\/2023\/04\/12779167_690306861071668_1238843678819590990_o-600x399.jpg 600w, https:\/\/joseluispena.es\/wp-content\/uploads\/2023\/04\/12779167_690306861071668_1238843678819590990_o-300x200.jpg 300w, https:\/\/joseluispena.es\/wp-content\/uploads\/2023\/04\/12779167_690306861071668_1238843678819590990_o-768x511.jpg 768w, https:\/\/joseluispena.es\/wp-content\/uploads\/2023\/04\/12779167_690306861071668_1238843678819590990_o.jpg 1148w\" sizes=\"(max-width: 800px) 100vw, 800px\" \/>\t\t\t\t\t\t\t\t\t\t\t\t\t\t\t<\/div>\n\t\t\t\t<\/div>\n\t\t\t\t<div class=\"elementor-element elementor-element-72efed0 elementor-widget elementor-widget-image\" data-id=\"72efed0\" data-element_type=\"widget\" data-e-type=\"widget\" data-widget_type=\"image.default\">\n\t\t\t\t<div class=\"elementor-widget-container\">\n\t\t\t\t\t\t\t\t\t\t\t\t\t\t\t<img decoding=\"async\" width=\"800\" height=\"533\" src=\"https:\/\/joseluispena.es\/wp-content\/uploads\/2023\/04\/10929927_553575974744758_9097883691055155891_n.jpg\" class=\"attachment-large size-large wp-image-1697\" alt=\"\" srcset=\"https:\/\/joseluispena.es\/wp-content\/uploads\/2023\/04\/10929927_553575974744758_9097883691055155891_n.jpg 960w, https:\/\/joseluispena.es\/wp-content\/uploads\/2023\/04\/10929927_553575974744758_9097883691055155891_n-600x399.jpg 600w, https:\/\/joseluispena.es\/wp-content\/uploads\/2023\/04\/10929927_553575974744758_9097883691055155891_n-300x200.jpg 300w, https:\/\/joseluispena.es\/wp-content\/uploads\/2023\/04\/10929927_553575974744758_9097883691055155891_n-768x511.jpg 768w\" sizes=\"(max-width: 800px) 100vw, 800px\" \/>\t\t\t\t\t\t\t\t\t\t\t\t\t\t\t<\/div>\n\t\t\t\t<\/div>\n\t\t\t\t\t<\/div>\n\t\t<\/div>\n\t\t\t\t<div class=\"elementor-column elementor-col-50 elementor-inner-column elementor-element elementor-element-0ef9d3e\" data-id=\"0ef9d3e\" data-element_type=\"column\" data-e-type=\"column\">\n\t\t\t<div class=\"elementor-widget-wrap elementor-element-populated\">\n\t\t\t\t\t\t<div class=\"elementor-element elementor-element-270d80b elementor-widget elementor-widget-image\" data-id=\"270d80b\" data-element_type=\"widget\" data-e-type=\"widget\" data-widget_type=\"image.default\">\n\t\t\t\t<div class=\"elementor-widget-container\">\n\t\t\t\t\t\t\t\t\t\t\t\t\t\t\t<img decoding=\"async\" width=\"800\" height=\"600\" src=\"https:\/\/joseluispena.es\/wp-content\/uploads\/2023\/04\/52528672_1579308615504817_6081789315950575616_n-1.jpg\" class=\"attachment-large size-large wp-image-1780\" alt=\"\" srcset=\"https:\/\/joseluispena.es\/wp-content\/uploads\/2023\/04\/52528672_1579308615504817_6081789315950575616_n-1.jpg 960w, https:\/\/joseluispena.es\/wp-content\/uploads\/2023\/04\/52528672_1579308615504817_6081789315950575616_n-1-600x450.jpg 600w, https:\/\/joseluispena.es\/wp-content\/uploads\/2023\/04\/52528672_1579308615504817_6081789315950575616_n-1-300x225.jpg 300w, https:\/\/joseluispena.es\/wp-content\/uploads\/2023\/04\/52528672_1579308615504817_6081789315950575616_n-1-768x576.jpg 768w\" sizes=\"(max-width: 800px) 100vw, 800px\" \/>\t\t\t\t\t\t\t\t\t\t\t\t\t\t\t<\/div>\n\t\t\t\t<\/div>\n\t\t\t\t<div class=\"elementor-element elementor-element-52e108f elementor-widget elementor-widget-image\" data-id=\"52e108f\" data-element_type=\"widget\" data-e-type=\"widget\" data-widget_type=\"image.default\">\n\t\t\t\t<div class=\"elementor-widget-container\">\n\t\t\t\t\t\t\t\t\t\t\t\t\t\t\t<img loading=\"lazy\" decoding=\"async\" width=\"800\" height=\"533\" src=\"https:\/\/joseluispena.es\/wp-content\/uploads\/2023\/04\/10487187_556638741105148_3842875077226729217_n-1.jpg\" class=\"attachment-large size-large wp-image-1786\" alt=\"\" srcset=\"https:\/\/joseluispena.es\/wp-content\/uploads\/2023\/04\/10487187_556638741105148_3842875077226729217_n-1.jpg 960w, https:\/\/joseluispena.es\/wp-content\/uploads\/2023\/04\/10487187_556638741105148_3842875077226729217_n-1-600x399.jpg 600w, https:\/\/joseluispena.es\/wp-content\/uploads\/2023\/04\/10487187_556638741105148_3842875077226729217_n-1-300x200.jpg 300w, https:\/\/joseluispena.es\/wp-content\/uploads\/2023\/04\/10487187_556638741105148_3842875077226729217_n-1-768x511.jpg 768w\" sizes=\"(max-width: 800px) 100vw, 800px\" \/>\t\t\t\t\t\t\t\t\t\t\t\t\t\t\t<\/div>\n\t\t\t\t<\/div>\n\t\t\t\t\t<\/div>\n\t\t<\/div>\n\t\t\t\t\t<\/div>\n\t\t<\/section>\n\t\t\t\t\t<\/div>\n\t\t<\/div>\n\t\t\t\t\t<\/div>\n\t\t<\/section>\n\t\t\t\t<\/div>","protected":false},"excerpt":{"rendered":"<p>Venta y colocaci\u00f3n de Tarimas Flotantes, Falsos techos&#8230; Transforma tus espacios con nuestro servicio de venta y colocaci\u00f3n de tarimas flotantes y falsos techos. Ofrecemos calidad y estilo, combinando materiales de primera con instalaci\u00f3n experta. Desde suelos c\u00e1lidos y resistentes hasta techos elegantes, damos vida a tus ideas, creando ambientes distintivos con un toque de [&hellip;]<\/p>\n","protected":false},"author":2,"featured_media":0,"parent":0,"menu_order":0,"comment_status":"closed","ping_status":"closed","template":"","meta":{"_seopress_robots_primary_cat":"","_seopress_titles_title":"%%post_title%% %%sep%% %%sitetitle%%","_seopress_titles_desc":"Ofrecemos venta y colocaci\u00f3n de tarimas flotantes, electrodom\u00e9sticos, falsos techos y aislantes. Mejora tu hogar con calidad y profesionalismo.","_seopress_robots_index":"","footnotes":""},"class_list":["post-2100","page","type-page","status-publish","hentry"],"_links":{"self":[{"href":"https:\/\/joseluispena.es\/fr\/wp-json\/wp\/v2\/pages\/2100","targetHints":{"allow":["GET"]}}],"collection":[{"href":"https:\/\/joseluispena.es\/fr\/wp-json\/wp\/v2\/pages"}],"about":[{"href":"https:\/\/joseluispena.es\/fr\/wp-json\/wp\/v2\/types\/page"}],"author":[{"embeddable":true,"href":"https:\/\/joseluispena.es\/fr\/wp-json\/wp\/v2\/users\/2"}],"replies":[{"embeddable":true,"href":"https:\/\/joseluispena.es\/fr\/wp-json\/wp\/v2\/comments?post=2100"}],"version-history":[{"count":14,"href":"https:\/\/joseluispena.es\/fr\/wp-json\/wp\/v2\/pages\/2100\/revisions"}],"predecessor-version":[{"id":4099,"href":"https:\/\/joseluispena.es\/fr\/wp-json\/wp\/v2\/pages\/2100\/revisions\/4099"}],"wp:attachment":[{"href":"https:\/\/joseluispena.es\/fr\/wp-json\/wp\/v2\/media?parent=2100"}],"curies":[{"name":"wp","href":"https:\/\/api.w.org\/{rel}","templated":true}]}}