{"id":3,"date":"2023-02-01T22:11:48","date_gmt":"2023-02-01T22:11:48","guid":{"rendered":"https:\/\/joseluispena.es\/?page_id=3"},"modified":"2023-12-16T13:19:48","modified_gmt":"2023-12-16T12:19:48","slug":"politicas-privacidad","status":"publish","type":"page","link":"https:\/\/joseluispena.es\/fr\/politicas-privacidad\/","title":{"rendered":"Pol\u00edticas de Privacidad"},"content":{"rendered":"<div data-elementor-type=\"wp-page\" data-elementor-id=\"3\" class=\"elementor elementor-3\" data-elementor-post-type=\"page\">\n\t\t\t\t\t\t<section data-particle_enable=\"false\" data-particle-mobile-disabled=\"false\" class=\"elementor-section elementor-top-section elementor-element elementor-element-1ce8ca5f elementor-section-boxed elementor-section-height-default elementor-section-height-default\" data-id=\"1ce8ca5f\" data-element_type=\"section\" data-e-type=\"section\">\n\t\t\t\t\t\t<div class=\"elementor-container elementor-column-gap-default\">\n\t\t\t\t\t<div class=\"elementor-column elementor-col-100 elementor-top-column elementor-element elementor-element-3f076d27\" data-id=\"3f076d27\" data-element_type=\"column\" data-e-type=\"column\">\n\t\t\t<div class=\"elementor-widget-wrap elementor-element-populated\">\n\t\t\t\t\t\t<div class=\"elementor-element elementor-element-2d5360cb elementor-widget elementor-widget-text-editor\" data-id=\"2d5360cb\" data-element_type=\"widget\" data-e-type=\"widget\" data-widget_type=\"text-editor.default\">\n\t\t\t\t<div class=\"elementor-widget-container\">\n\t\t\t\t\t\t\t\t\t<p>De conformidad con lo dispuesto en el Reglamento General (UE) Sobre Protecci\u00f3n de Datos y la Ley Org\u00e1nica de Protecci\u00f3n de Datos y Garant\u00eda de los Derechos Digitales actual, mediante la aceptaci\u00f3n de la presente Pol\u00edtica de Privacidad, el USUARIO presta su consentimiento informado, expreso, libre e inequ\u00edvoco para el tratamiento de los datos personales que proporcione a trav\u00e9s de la p\u00e1gina web:<\/p>\n<table width=\"100%\">\n<tbody>\n<tr>\n<td width=\"100%\">joseluispena.es (en adelante <strong>SITIO WEB<\/strong>)<\/td>\n<\/tr>\n<\/tbody>\n<\/table>\n<p>Con datos:<\/p>\n<table style=\"overflow-x: auto;\" width=\"100%\">\n<tbody>\n<tr>\n<td width=\"45%\">Raz\u00f3n Social (en adelante, <strong>EL RESPONSABLE<\/strong>)<\/td>\n<td width=\"55%\">JOSE LUIS PENA CARRAL<\/td>\n<\/tr>\n<tr>\n<td width=\"45%\">CIF<\/td>\n<td width=\"55%\">33304848C<\/td>\n<\/tr>\n<tr>\n<td width=\"45%\">Email (en adelante <strong>CORREO<\/strong>)<\/td>\n<td width=\"55%\">carpinteria@joseluispena.es<\/td>\n<\/tr>\n<tr>\n<td width=\"45%\">Domicilio social (en adelante <strong>DIRECCION<\/strong>)<\/td>\n<td width=\"55%\">Infesta n\u00ba9 pino, 27375 Cospeito, Lugo<\/td>\n<\/tr>\n<tr>\n<td width=\"45%\">La actividad social es<\/td>\n<td width=\"55%\">Carpinter\u00eda y cerrajer\u00eda<\/td>\n<\/tr>\n<\/tbody>\n<\/table>\n<p>La presente Pol\u00edtica de Privacidad ser\u00e1 v\u00e1lida \u00fanicamente para los datos de car\u00e1cter personal obtenidos en el Sitio Web, no siendo aplicable para aquella informaci\u00f3n recabada por terceros en otras p\u00e1ginas web, incluso si \u00e9stas se encuentran enlazadas por el SITIO WEB Con ello, se manifiesta por parte del responsable el compromiso por mantener y garantizar las relaciones comerciales de forma segura mediante la protecci\u00f3n de los datos personales y velando por el cumplimiento del derecho a la privacidad de cada uno de los usuarios del sitio web, reflejando que no es necesario evaluaci\u00f3n de impacto ni delegado de protecci\u00f3n de datos.<\/p>\n<p>Las presentes pol\u00edticas son revisadas con cada cambio significativo y como m\u00ednimo una vez al a\u00f1o.<\/p>\n<p>1. \u00bfQU\u00c9 SON LOS DATOS PERSONALES?<br \/>Una peque\u00f1a aproximaci\u00f3n es importante, por ello, el USUARIO debe saber que un dato de car\u00e1cter personal ser\u00eda cualquier informaci\u00f3n relativa a una persona que nos facilita cuando visita nuestro sitio web, en nuestro caso nombre y email, y si compra alg\u00fan producto necesitando factura, solicitaremos domicilio completo, nombre, apellidos y DNI o CIF.<\/p>\n<p>Adicionalmente, con la visita del sitio web, determinada informaci\u00f3n se almacena autom\u00e1ticamente por motivos t\u00e9cnicos como la direcci\u00f3n IP asignada por su proveedor de acceso a Internet.<\/p>\n<p>PRINCIPIOS PARA EL TRATAMIENTOS DE DATOS<br \/>Para tratar sus datos personales, se aplicar\u00e1 seg\u00fan el Reglamento General sobre Protecci\u00f3n de Datos y la Ley Org\u00e1nica de Protecci\u00f3n de Datos y Garant\u00eda de los Derechos Digitales los siguientes principios:<br \/>Principio de licitud, lealtad y transparencia: requeriremos su consentimiento para el tratamiento de sus datos personales para uno o varios fines espec\u00edficos que le informaremos previamente de forma clara y comprensible.<br \/>Principio de minimizaci\u00f3n de datos: Solo solicitaremos datos estrictamente necesarios en relaci\u00f3n con los fines para los que ya se te ha informado previamente al USUARIO.<br \/>Principio de limitaci\u00f3n del plazo de conservaci\u00f3n: como m\u00e1s adelante podr\u00e1 comprobar, los datos ser\u00e1n mantenidos durante no m\u00e1s tiempo del necesario para los fines del tratamiento, en funci\u00f3n a la finalidad, se informar\u00e1 del plazo de conservaci\u00f3n correspondiente, en el caso de suscripciones, peri\u00f3dicamente revisaremos las listas y eliminaremos aquellos registros inactivos durante un tiempo considerable.<br \/>Principio de integridad y confidencialidad: Sus datos ser\u00e1n tratados de tal manera que se garantice una seguridad adecuada de los datos personales y se garantice confidencialidad. Debe saber que tomo todas las medidas encaminadas a evitar el acceso no autorizado o uso indebido de los datos de los usuarios por parte de terceros.<\/p>\n<p>2. FINALIDAD, LEGITIMACION, CATEGOR\u00cdA DE LOS DATOS RECABADOS, CONSENTIMIENTO AL TRATAMIENTO, MENORES DE EDAD.<br \/>2.1 FINALIDAD<br \/>Tal y como se recoge en la normativa, le informo que, a trav\u00e9s de los formularios de contacto, o suscripciones se recaban datos, los cuales se almacenan en un fichero, con la exclusiva finalidad de env\u00edo de comunicaciones electr\u00f3nicas, tales como: boletines (newsletters), nuevas entradas (posts), ofertas comerciales, webinars gratuitos, as\u00ed como otras comunicaciones que puedo entender interesante sobre la materia. Los campos marcados como de cumplimentaci\u00f3n obligatoria, son imprescindibles para realizar la finalidad expresada.<\/p>\n<p>En definitiva, la FINALIDAD es la siguiente:<br \/>Presentar de forma digital los servicios ofrecidos por la empresa<br \/>Generar imagen de marca<br \/>El cumplimiento de las correspondientes obligaciones de \u00edndole contable, legal, fiscal y administrativa.<br \/>Anal\u00edtica y publicitaria con el fin de obtener beneficio econ\u00f3mico<br \/>Suministro de contenidos en el blog<\/p>\n<p>\u00danicamente el titular tendr\u00e1 acceso a sus datos, y bajo ning\u00fan concepto, estos datos ser\u00e1n cedidos, compartidos, transferidos, ni vendidos a ning\u00fan tercero.<br \/>La aceptaci\u00f3n de la pol\u00edtica de privacidad se realiza a trav\u00e9s del procedimiento establecido opt in, con correo de confirmaci\u00f3n as\u00ed como el check establecido, por lo que se entender\u00e1 a todos los efectos como la prestaci\u00f3n de CONSENTIMIENTO EXPRESO E INEQUIVOCO del USUARIO al tratamiento de los datos de car\u00e1cter personal en los t\u00e9rminos que se exponen en el presente documento, as\u00ed como a la transferencia internacional de datos que se produce, exclusivamente debido a la ubicaci\u00f3n f\u00edsica de las instalaciones de los proveedores de servicios y encargados del tratamiento de datos.<br \/>En ning\u00fan caso se realizar\u00e1 un uso diferente que la finalidad para los que han sido recabados los datos ni tampoco cederemos a un tercero estos datos.<\/p>\n<p>2.2 MENORES DE EDAD<br \/>En el supuesto de ser mayor de catorce a\u00f1os, podr\u00e1 registrarse en la web SITIO WEB sin necesidad del consentimiento previo de sus padres o tutores.<\/p>\n<p>\u00bfQu\u00e9 ocurre en el caso de que seas menor de 14 a\u00f1os?<br \/>En este supuesto, ser\u00e1 condici\u00f3n obligatoria el consentimiento de sus padres o tutores para que podamos tratar sus datos personales<br \/>Advertencia: Si tiene menos de catorce a\u00f1os y no ha obtenido el consentimiento de sus padres, no puede registrarte en la web por lo que procederemos a denegar su solicitud en caso de tener constancia de ello.<\/p>\n<p>2.3 LEGITIMACION<br \/>Gracias al consentimiento, podemos tratar sus datos siendo requisito obligatorio para poder suscribirse a la p\u00e1gina web.<br \/>Como bien sabe, puede retirar su consentimiento en el momento que lo desee.<br \/>Estaremos legitimados para tratar sus datos para el cumplimiento de obligaciones legales en materia fiscal, mercantil y contable, para la facturaci\u00f3n y llevanza de la contabilidad.<br \/>Asimismo, gracias al inter\u00e9s leg\u00edtimo podemos tratar determinados datos relacionados con la publicidad y\/o el uso de cookies cuando no sea posible a trav\u00e9s del consentimiento<\/p>\n<p>2.4 CATEGORIA DE LOS DATOS<br \/>Los datos recabados en ning\u00fan momento son especialmente protegidos, sino que se encuentran categorizados como datos identificativos.<\/p>\n<p>2.5 TIEMPO DE CONSERVACION DE LOS DATOS<br \/>Conservaremos sus datos durante el tiempo legalmente establecido o hasta que solicite eliminarlos.<\/p>\n<p>2.6 EXACTITUD Y VERACIDAD DE LOS DATOS<br \/>Obviamente el Usuario es el \u00fanico responsable de la veracidad y exactitud de los datos que me remita eximi\u00e9ndome de cualquier tipo de responsabilidad al respecto.<br \/>Como usuario, debe garantizar la exactitud y autenticidad de los datos personales facilitados debiendo aportar la informaci\u00f3n completa y correcta en los distintos formularios de captaci\u00f3n de datos.<\/p>\n<p>3. CUMPLIMIENTO DE LA NORMATIVA DE APLICACI\u00d3N<br \/>Actualmente nos regimos por el Reglamento Europeo Sobre Protecci\u00f3n de Datos, as\u00ed como la Ley Org\u00e1nica de Protecci\u00f3n de Datos y Garant\u00eda de los Derechos Digitales, siendo por ello entre otras, la normativa que damos cumplimiento.<br \/>Asimismo, EL RESPONSABLE informa que da cumplimiento a la Ley 34\/2002 de 11 de julio, de Servicios de la Sociedad de la Informaci\u00f3n y el Comercio Electr\u00f3nico y le solicitar\u00e1 su consentimiento al USUARIO para el tratamiento de su correo electr\u00f3nico con fines comerciales en cada momento.<br \/>Le informamos que los datos suministrados, as\u00ed como aquellos datos derivados de su navegaci\u00f3n, podr\u00e1n ser almacenados en los ficheros de EL RESPONSABLE y tratados para la finalidad de atender su solicitud y el mantenimiento de la relaci\u00f3n que se establezca en los formularios que suscriba.<br \/>Adicionalmente, el USUARIO consiente el tratamiento de sus datos con la finalidad de informarles, por cualquier medio, incluido el correo electr\u00f3nico, de productos y servicios de EL RESPONSABLE.<br \/>En caso de no autorizar el tratamiento de sus datos con la finalidad se\u00f1alada anteriormente, el USUARIO podr\u00e1 ejercer su derecho de oposici\u00f3n al tratamiento de sus datos en los t\u00e9rminos y condiciones previstos m\u00e1s adelante en el apartado \u201cEjercicio de Derechos\u201d<\/p>\n<p>4. MEDIDAS DE SEGURIDAD.<br \/>EL RESPONSABLE informa que se tienen implantadas las medidas de seguridad de \u00edndole t\u00e9cnica y organizativas necesarias para garantizar la seguridad de sus datos de car\u00e1cter personal y evitar su alteraci\u00f3n, p\u00e9rdida y tratamiento y\/o acceso no autorizado, habida cuenta del estado de la tecnolog\u00eda, la naturaleza de los datos almacenados y los riesgos a que est\u00e1n expuestos, ya provengan de la acci\u00f3n humana o del medio f\u00edsico o natural. Todo ello de conformidad con lo previsto en el actual Reglamento General sobre Protecci\u00f3n de Datos y la Ley Org\u00e1nica de Protecci\u00f3n de Datos y Garant\u00eda de los Derechos Digitales.<br \/>Asimismo, se le informa que se han establecido medidas adicionales en orden a reforzar la confidencialidad e integridad de la informaci\u00f3n en su organizaci\u00f3n. Manteniendo continuamente la supervisi\u00f3n, control y evaluaci\u00f3n de los procesos para asegurar el respeto a la privacidad de los datos.<br \/>Igualmente, tal y como puede comprobar, la web dispone de certificado SSL, garantizado de esta forma una vez m\u00e1s la seguridad de sus datos.<\/p>\n<p>5. EJERCICIO DE DERECHOS<br \/>Aquellas personas f\u00edsicas que hayan facilitado sus datos a trav\u00e9s de SITIO WEB, podr\u00e1n dirigirse al titular de la misma con el fin de ejercitar gratuitamente sus derechos de acceso a sus datos, rectificaci\u00f3n o supresi\u00f3n, limitaci\u00f3n y oposici\u00f3n respecto de los datos incorporados en sus ficheros.<br \/>El m\u00e9todo m\u00e1s r\u00e1pido y sencillo ser\u00eda accediendo a su cuenta de usuario directamente y modificar sus datos o borrar su cuenta de usuario. Cualquier informaci\u00f3n que necesite almacenar, en virtud de una obligaci\u00f3n legal o contractual, ser\u00e1 bloqueada y s\u00f3lo utilizada para dichos fines en lugar de ser borrada.<br \/>El interesado, en este caso, usted, podr\u00e1 ejercitar sus derechos mediante comunicaci\u00f3n por escrito dirigida a EL RESPONSABLE con la referencia \u201cProtecci\u00f3n de datos\u201d, especificando sus datos, acreditando su identidad y los motivos de su solicitud en la siguiente direcci\u00f3n:<br \/>DIRECCION<br \/>Otra forma de ejercitar los derechos es a trav\u00e9s del correo electr\u00f3nico, escribiendo al siguiente email: CORREO<\/p>\n<p>6. LINKS O ENLACES EXTERNOS<br \/>Como un servicio a nuestros visitantes, en alguna ocasi\u00f3n podr\u00e9 incluir hiperv\u00ednculos a otros sitios que no son operados o controlados por el Sitio Web. Por ello, no se garantiza ni nos hacemos responsables de la licitud, fiabilidad, utilidad, veracidad y actualidad de los contenidos de tales sitios web o de sus pr\u00e1cticas de privacidad. Por favor, antes de proporcionar tu informaci\u00f3n personal a estos sitios web ajenos, ten en cuenta que sus pr\u00e1cticas de privacidad pueden diferir de las nuestra.<\/p>\n<p>7. MODIFICACI\u00d3N DE LA POL\u00cdTICA DE PRIVACIDAD<br \/>EL RESPONSABLE se reserva el derecho a modificar su Pol\u00edtica de Privacidad, de acuerdo a su propio criterio, motivado por un cambio legislativo, jurisprudencial o doctrinal de la Agencia Espa\u00f1ola de Protecci\u00f3n de Datos.<br \/>Cualquier modificaci\u00f3n de la Pol\u00edtica de Privacidad ser\u00e1 publicada al menos diez d\u00edas antes de su efectiva aplicaci\u00f3n. El uso de SITIO WEB despu\u00e9s de dichos cambios, implicar\u00e1 la aceptaci\u00f3n de los mismos.<\/p>\n<p>8. RESPONSABLE DEL TRATAMIENTO, Y ENCARGADOS DEL TRATAMIENTO.<br \/>Como informaci\u00f3n b\u00e1sica, debe saber que el responsable del tratamiento es EL RESPONSABLE.<br \/>Como encargados de tratamiento ajenos al citado responsable y con car\u00e1cter meramente informativo debe saber que: EL RESPONSABLE ha contratado los servicios de hosting a Siteground con domicilio en Calle prim, 19, MADRID, MADRID.<br \/>Los servicios de suscripci\u00f3n por correo electr\u00f3nico y env\u00edo de newsletters a la compa\u00f1\u00eda Siteground pudi\u00e9ndose consultar su pol\u00edtica de privacidad en la web https:\/\/www.siteground.es\/privacidad.htm.<\/p>\n<p>\u00bfQui\u00e9nes son los destinatarios de la informaci\u00f3n?<br \/>Agencia Estatal de la Administraci\u00f3n Tributaria, as\u00ed como gestor\u00edas a consecuencia de nuestras obligaciones de \u00edndole legal, fiscal y administrativa<br \/>Entidades financieras con las que trabajo para la gesti\u00f3n de cobros<br \/>Empresas tecnol\u00f3gicas para el funcionamiento de la p\u00e1gina web como a continuaci\u00f3n expondremos.<\/p>\n<p>9. SERVICIOS OFRECIDOS POR TERCEROS EN ESTA WEB.<br \/>Con car\u00e1cter meramente informativo, se le informa que, para prestar servicios estrictamente necesarios para el desarrollo de mi actividad, la web SITIO WEB utiliza los siguientes prestadores bajo sus correspondientes condiciones de privacidad.<br \/>Hosting y Dominio: Sitegroung y DonDominio<br \/>Plataforma web: WordPress.org<br \/>Servicios de Mensajer\u00eda y env\u00edo de boletines: Siteground y\/o Builderall<br \/>Plataforma de pago: Stripe y\/o Paypal<br \/>Privacidad de fuentes de rastreo utilizadas en este sitio: Google Analytics, Google Tag Manager, Google ADS, Pixel de Facebook<\/p>\n<p>En la web SITIO WEB tambi\u00e9n se estudian las preferencias de sus usuarios, sus caracter\u00edsticas demogr\u00e1ficas, sus patrones de tr\u00e1fico, y otra informaci\u00f3n en conjunto para comprender mejor qui\u00e9nes constituyen nuestra audiencia y qu\u00e9 es lo que necesita. El rastreo de las preferencias de nuestros usuarios tambi\u00e9n nos ayuda a mostrarle los avisos publicitarios m\u00e1s relevantes.<br \/>El usuario y, en general, cualquier persona f\u00edsica o jur\u00eddica, podr\u00e1 establecer un hiperenlace o dispositivo t\u00e9cnico de enlace (por ejemplo, links o botones) desde su sitio web a SITIO WEB.<br \/>El establecimiento del Hiperenlace no implica en ning\u00fan caso la existencia de relaciones entre la web SITIO WEB y el propietario del sitio o de la p\u00e1gina web en la que se establezca el Hiperenlace, ni la aceptaci\u00f3n o aprobaci\u00f3n por parte de SITIO WEB de sus contenidos o servicios. En todo caso, SITIO WEB se reserva el derecho de prohibir o inutilizar en cualquier momento cualquier Hiperenlace al Sitio Web.<\/p>\n<p>10. \u00bfNO DESESA RECIBIR INFORMACION DE NOSOTROS O DESEA REVOCAR SU CONSENTIMIENTO?<br \/>De conformidad con lo dispuesto en la Ley 34\/2002, de 11 de junio de Servicios de la Sociedad de la Informaci\u00f3n y del Comercio Electr\u00f3nico puede oponerse al uso de su informaci\u00f3n para fines publicitarios, investigaciones de mercado o desarrollo de encuestas de satisfacci\u00f3n en cualquier momento, as\u00ed como revocar su consentimiento en cualquier momento (sin efecto retroactivo).<br \/>Para ello, deber\u00e1 enviar un correo electr\u00f3nico a la direcci\u00f3n de CORREO<br \/>Si ha recibido publicidad por correo electr\u00f3nico, tambi\u00e9n podr\u00e1 oponerse desde dicho correo electr\u00f3nico, pinchando en el enlace incluido en el mismo siguiendo las instrucciones que le ser\u00e1n facilitadas. Otra forma m\u00e1s sencilla ser\u00eda acceder a su cuenta de usuario y seleccionar las opciones correspondientes.<br \/>Por favor, tenga en cuenta que nuestros sistemas pueden requerir un lapso de tiempo que en ning\u00fan caso superar\u00e1 48 horas para que su oposici\u00f3n o revocaci\u00f3n se hagan efectivas, entendi\u00e9ndose que durante dicho periodo de tiempo puede seguir recibiendo mensajes.<br \/>En relaci\u00f3n con la gesti\u00f3n de sus datos asociados a los perfiles sociales de EL RESPONSABLE el ejercicio del derecho de acceso, depender\u00e1 de la funcionalidad de la red social y las posibilidades de acceso a la informaci\u00f3n de los perfiles de los usuarios. Con relaci\u00f3n a los derechos de acceso y rectificaci\u00f3n, le recomendamos que solo podr\u00e1 satisfacerse en relaci\u00f3n a aquella informaci\u00f3n que se encuentre bajo el control de EL RESPONSABLE<\/p>\n<p>Adem\u00e1s, podr\u00e1 dejar de interactuar, seguir o recibir informaci\u00f3n de los perfiles sociales de EL RESPONSABLE, eliminar los contenidos que dejen de interesarle o restringir con quien comparte sus conexiones, mediante los mecanismos estipulados en las diferentes redes sociales.<\/p>\n<p>11. SISTEMAS DE CAPTURA DE DATOS PERSONALES Y SU FINALIDAD<br \/>Formularios de suscripci\u00f3n a contenidos: dentro de la web existen varios formularios para activar la suscripci\u00f3n gestionada por Siteground con la finalidad de enviar campa\u00f1as de marketing por correo electr\u00f3nico, gesti\u00f3n de suscripciones y env\u00edo de boletines o noticias.<br \/>Formulario de comentarios: La web incluye un formulario cuya finalidad es comentar los art\u00edculos y dar su opini\u00f3n respetando la libertad de expresi\u00f3n. El usuario podr\u00e1 publicar comentarios en los posts que se publiquen. Los datos personales introducidos en el formulario para insertar estos comentarios ser\u00e1n utilizados exclusivamente para moderarlos y publicarlos, recabando igualmente estos datos que se almacenar\u00e1n en los servidores de Siteground<br \/>Formulario de contacto: Existe un formulario de contacto cuya finalidad es la respuesta de consultas, sugerencias o contacto profesional. En este caso se utilizar\u00e1 la direcci\u00f3n de correo electr\u00f3nico para responder a las mismas y enviar la informaci\u00f3n que el usuario requiera a trav\u00e9s de la web, estos datos se almacenar\u00e1n en los servidores de Siteground.<br \/>Cookies: Cuando el usuario se registra o navega en esta web, se almacenan \u00abcookies\u00bb, El usuario puede consultar en cualquier momento la pol\u00edtica de cookies para ampliar informaci\u00f3n sobre el uso de cookies y como desactivarlas.<br \/>Venta de infoproductos (productos digitales): A trav\u00e9s de la p\u00e1gina web, se pueden adquirir infoproductos, en este caso, se requieren datos del comprador (Nombre, apellido, direcci\u00f3n y e-mail).<br \/>Sistemas de rastreo utilizadas en este sitio: Facebook y Google (Analytics), tambi\u00e9n se estudian las preferencias de sus usuarios, sus caracter\u00edsticas demogr\u00e1ficas, sus patrones de tr\u00e1fico, y otra informaci\u00f3n en conjunto para comprender mejor qui\u00e9nes constituyen su audiencia y qu\u00e9 es lo que esta necesita. El rastreo de las preferencias de nuestros usuarios tambi\u00e9n nos ayuda a mostrarle los avisos publicitarios m\u00e1s relevantes.<\/p>\n<p>Asimismo, utilizamos estrategias de remarketing, por lo que para la captaci\u00f3n de suscriptores y clientes utilizamos herramientas como Facebook Ads, por lo que, al generar un anuncio, se puede segmentar el p\u00fablico por el lugar, datos demogr\u00e1ficos, intereses, etc. Los datos obtenidos por esta plataforma, estar\u00edan sujetos a esta pol\u00edtica de privacidad desde el momento en que el usuario deja sus datos para unirse al bolet\u00edn de mi comunidad.<\/p>\n<p>No vamos a compartir, vender, alquilar su informaci\u00f3n personal con otras partes. Podremos compartir cierta informaci\u00f3n con los proveedores de servicios de terceros autorizados necesarios para prestarle algunos servicios.<\/p>\n<p>12. PLUGINS SOCIALES.<br \/>En nuestra p\u00e1gina web le ofrecemos enlaces y servicios relacionados con las diferentes redes sociales (ej. \u201cMe gusta\u201d de Facebook). Si eres miembro de una red social y haces clic sobre el correspondiente enlace, el proveedor de la red social podr\u00e1 enlazar sus datos de perfil con la informaci\u00f3n de su visita a dicha p\u00e1gina web.<br \/>Por tanto, es conveniente informarle sobre las funciones y pol\u00edticas sobre el tratamiento de datos personales de la respectiva red social, si accede a una de nuestras p\u00e1ginas web con alguno de sus perfiles en redes sociales o comparte informaci\u00f3n a trav\u00e9s de ellos.<br \/>Puedes acceder en todo momento a las pol\u00edticas de privacidad de las diferentes redes sociales, as\u00ed como configurar su perfil para garantizar su privacidad. Os animamos a familiarizarse con las condiciones de uso de dichas redes sociales antes de comenzar a usarlas:<\/p>\n<p>Facebook: https:\/\/www.facebook.com\/help\/323540651073243\/<br \/>Linkedin: https:\/\/www.linkedin.com\/legal\/privacy-policy?_l=es_ES<br \/>Twitter: https:\/\/twitter.com\/privacy<br \/>Google +: https:\/\/policies.google.com\/privacy?hl=es&amp;gl=es<br \/>Pinterest: https:\/\/policy.pinterest.com\/es\/privacy-policy<br \/>Instagram: https:\/\/help.instagram.com\/155833707900388<\/p>\n<p>13. ACEPTACI\u00d3N, CONSENTIMIENTO Y REVOCABILIDAD<br \/>El Usuario declara haber sido informado de las condiciones sobre protecci\u00f3n de datos de car\u00e1cter personal, aceptando y consintiendo el tratamiento de los mismos por parte de EL RESPONSABLE en la forma y para las finalidades indicadas en el aviso legal.<br \/>Como bien sabe y le hemos comunicado a lo largo de las presentes pol\u00edticas de privacidad, en cualquier momento podr\u00e1 revocar sus datos, pero siempre sin car\u00e1cter retroactivo.<\/p>\t\t\t\t\t\t\t\t<\/div>\n\t\t\t\t<\/div>\n\t\t\t\t\t<\/div>\n\t\t<\/div>\n\t\t\t\t\t<\/div>\n\t\t<\/section>\n\t\t\t\t<\/div>","protected":false},"excerpt":{"rendered":"<p>De conformidad con lo dispuesto en el Reglamento General (UE) Sobre Protecci\u00f3n de Datos y la Ley Org\u00e1nica de Protecci\u00f3n de Datos y Garant\u00eda de los Derechos Digitales actual, mediante la aceptaci\u00f3n de la presente Pol\u00edtica de Privacidad, el USUARIO presta su consentimiento informado, expreso, libre e inequ\u00edvoco para el tratamiento de los datos personales [&hellip;]<\/p>\n","protected":false},"author":2,"featured_media":0,"parent":0,"menu_order":0,"comment_status":"closed","ping_status":"closed","template":"","meta":{"_seopress_robots_primary_cat":"","_seopress_titles_title":"Pol\u00edtica de Privacidad - Carpinter\u00eda Jos\u00e9 Luis Pena","_seopress_titles_desc":"Pol\u00edtica de Privacidad p\u00e1gina web carpinter\u00eda Jos\u00e9 Luis Pena","_seopress_robots_index":"yes","footnotes":""},"class_list":["post-3","page","type-page","status-publish","hentry"],"_links":{"self":[{"href":"https:\/\/joseluispena.es\/fr\/wp-json\/wp\/v2\/pages\/3","targetHints":{"allow":["GET"]}}],"collection":[{"href":"https:\/\/joseluispena.es\/fr\/wp-json\/wp\/v2\/pages"}],"about":[{"href":"https:\/\/joseluispena.es\/fr\/wp-json\/wp\/v2\/types\/page"}],"author":[{"embeddable":true,"href":"https:\/\/joseluispena.es\/fr\/wp-json\/wp\/v2\/users\/2"}],"replies":[{"embeddable":true,"href":"https:\/\/joseluispena.es\/fr\/wp-json\/wp\/v2\/comments?post=3"}],"version-history":[{"count":5,"href":"https:\/\/joseluispena.es\/fr\/wp-json\/wp\/v2\/pages\/3\/revisions"}],"predecessor-version":[{"id":2276,"href":"https:\/\/joseluispena.es\/fr\/wp-json\/wp\/v2\/pages\/3\/revisions\/2276"}],"wp:attachment":[{"href":"https:\/\/joseluispena.es\/fr\/wp-json\/wp\/v2\/media?parent=3"}],"curies":[{"name":"wp","href":"https:\/\/api.w.org\/{rel}","templated":true}]}}