{"id":3966,"date":"2023-12-22T22:04:07","date_gmt":"2023-12-22T21:04:07","guid":{"rendered":"https:\/\/joseluispena.es\/?post_type=product&#038;p=3966"},"modified":"2023-12-22T22:05:43","modified_gmt":"2023-12-22T21:05:43","slug":"puertas-y-ventanas-de-madera-de-castano","status":"publish","type":"product","link":"https:\/\/joseluispena.es\/fr\/produit\/puertas-y-ventanas-de-madera-de-castano\/","title":{"rendered":"Portes et fen\u00eatres en ch\u00e2taignier"},"content":{"rendered":"<p>Fen\u00eatres, portes d'entr\u00e9e et portes de balcon en bois de ch\u00e2taignier de premi\u00e8re qualit\u00e9. Avec raccords en laiton.<\/p>\n<p>Construits en 1995 avec un syst\u00e8me de fabrication artisanale \u00e0 la fran\u00e7aise et une porte d'entr\u00e9e de style castillan, ils n'ont jamais \u00e9t\u00e9 utilis\u00e9s dans l'\u0153uvre originale.<\/p>\n<p>Avec un cadre de 100x70 et une \u00e9paisseur de fen\u00eatre de 60 mm, une \u00e9paisseur de volet de 30 mm avec des fen\u00eatres de type ch\u00e2telain, sans verre, et supportent une climalit 4-6-4.<\/p>\n<p>Porte d'entr\u00e9e de type castillan, avec 18 charni\u00e8res, cadre 100x70 et porte de 60 mm d'\u00e9paisseur. Serrure de s\u00e9curit\u00e9 1 point (adaptable \u00e0 la s\u00e9curit\u00e9 3 points).<\/p>","protected":false},"excerpt":{"rendered":"<p>Fen\u00eatres et porte d'entr\u00e9e en bois de ch\u00e2taignier.<\/p>","protected":false},"featured_media":3976,"template":"","meta":{"_seopress_robots_primary_cat":"none","_seopress_titles_title":"","_seopress_titles_desc":"","_seopress_robots_index":""},"product_brand":[],"product_cat":[32],"product_tag":[],"class_list":{"0":"post-3966","1":"product","2":"type-product","3":"status-publish","4":"has-post-thumbnail","6":"product_cat-puertas-y-ventanas-de-exterior-e-interior","8":"first","9":"instock","10":"shipping-taxable","11":"product-type-simple"},"_links":{"self":[{"href":"https:\/\/joseluispena.es\/fr\/wp-json\/wp\/v2\/product\/3966","targetHints":{"allow":["GET"]}}],"collection":[{"href":"https:\/\/joseluispena.es\/fr\/wp-json\/wp\/v2\/product"}],"about":[{"href":"https:\/\/joseluispena.es\/fr\/wp-json\/wp\/v2\/types\/product"}],"wp:featuredmedia":[{"embeddable":true,"href":"https:\/\/joseluispena.es\/fr\/wp-json\/wp\/v2\/media\/3976"}],"wp:attachment":[{"href":"https:\/\/joseluispena.es\/fr\/wp-json\/wp\/v2\/media?parent=3966"}],"wp:term":[{"taxonomy":"product_brand","embeddable":true,"href":"https:\/\/joseluispena.es\/fr\/wp-json\/wp\/v2\/product_brand?post=3966"},{"taxonomy":"product_cat","embeddable":true,"href":"https:\/\/joseluispena.es\/fr\/wp-json\/wp\/v2\/product_cat?post=3966"},{"taxonomy":"product_tag","embeddable":true,"href":"https:\/\/joseluispena.es\/fr\/wp-json\/wp\/v2\/product_tag?post=3966"}],"curies":[{"name":"wp","href":"https:\/\/api.w.org\/{rel}","templated":true}]}}