{"id":1031,"date":"2023-02-15T19:48:57","date_gmt":"2023-02-15T19:48:57","guid":{"rendered":"https:\/\/joseluispena.es\/?page_id=1031"},"modified":"2024-05-06T12:41:19","modified_gmt":"2024-05-06T10:41:19","slug":"rehabilitacion-y-construccion-de-edificaciones-de-madera","status":"publish","type":"page","link":"https:\/\/joseluispena.es\/gl\/rehabilitacion-y-construccion-de-edificaciones-de-madera\/","title":{"rendered":"Rehabilitaci\u00f3n e construci\u00f3n de edificaci\u00f3ns de madeira."},"content":{"rendered":"<div data-elementor-type=\"wp-page\" data-elementor-id=\"1031\" class=\"elementor elementor-1031\" data-elementor-post-type=\"page\">\n\t\t\t\t\t\t<section data-particle_enable=\"false\" data-particle-mobile-disabled=\"false\" class=\"elementor-section elementor-top-section elementor-element elementor-element-65f0afda elementor-section-height-min-height elementor-section-boxed elementor-section-height-default elementor-section-items-middle\" data-id=\"65f0afda\" data-element_type=\"section\" data-e-type=\"section\" data-settings=\"{&quot;background_background&quot;:&quot;classic&quot;}\">\n\t\t\t\t\t\t\t<div class=\"elementor-background-overlay\"><\/div>\n\t\t\t\t\t\t\t<div class=\"elementor-container elementor-column-gap-default\">\n\t\t\t\t\t<div class=\"elementor-column elementor-col-100 elementor-top-column elementor-element elementor-element-692dfdd7\" data-id=\"692dfdd7\" data-element_type=\"column\" data-e-type=\"column\">\n\t\t\t<div class=\"elementor-widget-wrap elementor-element-populated\">\n\t\t\t\t\t\t<section data-particle_enable=\"false\" data-particle-mobile-disabled=\"false\" class=\"elementor-section elementor-inner-section elementor-element elementor-element-77e4170c elementor-section-boxed elementor-section-height-default elementor-section-height-default\" data-id=\"77e4170c\" data-element_type=\"section\" data-e-type=\"section\">\n\t\t\t\t\t\t<div class=\"elementor-container elementor-column-gap-default\">\n\t\t\t\t\t<div class=\"elementor-column elementor-col-100 elementor-inner-column elementor-element elementor-element-426eb524\" data-id=\"426eb524\" data-element_type=\"column\" data-e-type=\"column\">\n\t\t\t<div class=\"elementor-widget-wrap elementor-element-populated\">\n\t\t\t\t\t\t<div class=\"elementor-element elementor-element-21e6bb33 elementor-widget-widescreen__width-initial elementor-widget elementor-widget-heading\" data-id=\"21e6bb33\" data-element_type=\"widget\" data-e-type=\"widget\" data-widget_type=\"heading.default\">\n\t\t\t\t<div class=\"elementor-widget-container\">\n\t\t\t\t\t<h2 class=\"elementor-heading-title elementor-size-default\">Rehabilitaci\u00f3n e construci\u00f3n de edificaci\u00f3ns de madeira.<\/h2>\t\t\t\t<\/div>\n\t\t\t\t<\/div>\n\t\t\t\t\t<\/div>\n\t\t<\/div>\n\t\t\t\t\t<\/div>\n\t\t<\/section>\n\t\t\t\t\t<\/div>\n\t\t<\/div>\n\t\t\t\t\t<\/div>\n\t\t<\/section>\n\t\t\t\t<section data-particle_enable=\"false\" data-particle-mobile-disabled=\"false\" class=\"elementor-section elementor-top-section elementor-element elementor-element-1f9d5055 elementor-section-boxed elementor-section-height-default elementor-section-height-default\" data-id=\"1f9d5055\" data-element_type=\"section\" data-e-type=\"section\" data-settings=\"{&quot;background_background&quot;:&quot;classic&quot;}\">\n\t\t\t\t\t\t\t<div class=\"elementor-background-overlay\"><\/div>\n\t\t\t\t\t\t\t<div class=\"elementor-container elementor-column-gap-default\">\n\t\t\t\t\t<div class=\"elementor-column elementor-col-50 elementor-top-column elementor-element elementor-element-7df2375d\" data-id=\"7df2375d\" data-element_type=\"column\" data-e-type=\"column\">\n\t\t\t<div class=\"elementor-widget-wrap elementor-element-populated\">\n\t\t\t\t\t\t<div class=\"elementor-element elementor-element-7bba5543 elementor-widget elementor-widget-text-editor\" data-id=\"7bba5543\" data-element_type=\"widget\" data-e-type=\"widget\" data-widget_type=\"text-editor.default\">\n\t\t\t\t<div class=\"elementor-widget-container\">\n\t\t\t\t\t\t\t\t\t<p>Transformamos estruturas co noso servizo de rehabilitaci\u00f3n e construci\u00f3n de edificaci\u00f3ns de madeira.<\/p><p>Dende a restauraci\u00f3n de antigas xoias arquitect\u00f3nicas ata a creaci\u00f3n de espazos modernos, combinamos experiencia e artesan\u00eda.<\/p><p>Renovamos e constru\u00edmos con madeira, respectando a tradici\u00f3n e abrazando a innovaci\u00f3n para edificaci\u00f3ns que perduran con elegancia.<\/p>\t\t\t\t\t\t\t\t<\/div>\n\t\t\t\t<\/div>\n\t\t\t\t\t<\/div>\n\t\t<\/div>\n\t\t\t\t<div class=\"elementor-column elementor-col-50 elementor-top-column elementor-element elementor-element-314e4c1\" data-id=\"314e4c1\" data-element_type=\"column\" data-e-type=\"column\">\n\t\t\t<div class=\"elementor-widget-wrap elementor-element-populated\">\n\t\t\t\t\t\t<section data-particle_enable=\"false\" data-particle-mobile-disabled=\"false\" class=\"elementor-section elementor-inner-section elementor-element elementor-element-3f702018 elementor-section-boxed elementor-section-height-default elementor-section-height-default\" data-id=\"3f702018\" data-element_type=\"section\" data-e-type=\"section\">\n\t\t\t\t\t\t<div class=\"elementor-container elementor-column-gap-default\">\n\t\t\t\t\t<div class=\"elementor-column elementor-col-100 elementor-inner-column elementor-element elementor-element-70538d42\" data-id=\"70538d42\" data-element_type=\"column\" data-e-type=\"column\">\n\t\t\t<div class=\"elementor-widget-wrap elementor-element-populated\">\n\t\t\t\t\t\t<div class=\"elementor-element elementor-element-4faea82b premium-adv-carousel__infinite premium-adv-carousel__horizontal elementor-widget elementor-widget-premium-media-wheel\" data-id=\"4faea82b\" data-element_type=\"widget\" data-e-type=\"widget\" data-widget_type=\"premium-media-wheel.default\">\n\t\t\t\t<div class=\"elementor-widget-container\">\n\t\t\t\t\t\t\t<div class=\"premium-adv-carousel-no-lightbox premium-adv-carousel__container\" data-settings=\"{&quot;type&quot;:&quot;infinite&quot;,&quot;scroll&quot;:false,&quot;speed&quot;:55,&quot;pauseOnHover&quot;:true,&quot;dir&quot;:&quot;horizontal&quot;,&quot;reverse&quot;:&quot;normal&quot;,&quot;renderEvent&quot;:&quot;scroll&quot;}\">\r\n\r\n\t\t\t<div style=\"visibility:hidden;\" class=\"premium-adv-carousel__inner-container\">\r\n\r\n\t\t\t\t<div class=\"premium-adv-carousel__items\">\r\n\r\n\t\t\t\t\t\t\t\t<div class=\"premium-adv-carousel__item-outer-wrapper\">\r\n\t\t\t\t<div class=\"elementor-repeater-item-160c281 premium-adv-carousel__item premium-adv-carousel__item-image\">\r\n\t\t\t\t\t<div class=\"premium-adv-carousel__media-wrap\">\r\n\t\t\t\t\t\t\t\t\t\t\t\t\t\t<img decoding=\"async\" src=\"https:\/\/joseluispena.es\/wp-content\/uploads\/2023\/02\/18447528_975257789243239_7759053329655360946_n-1.jpg\" alt=\"18447528_975257789243239_7759053329655360946_n\" class=\"premium-adv-carousel__item-img premium-hover-effects__zoomin\">\r\n\t\t\t\t\t\t\t\t\t\t\t\t<\/div>\r\n\r\n\t\t\t\t\t\r\n\t\t\t\t\t\t\t\t\t<\/div>\r\n\t\t\t<\/div>\r\n\t\t\t\t\t\t<div class=\"premium-adv-carousel__item-outer-wrapper\">\r\n\t\t\t\t<div class=\"elementor-repeater-item-b766b9a premium-adv-carousel__item premium-adv-carousel__item-image\">\r\n\t\t\t\t\t<div class=\"premium-adv-carousel__media-wrap\">\r\n\t\t\t\t\t\t\t\t\t\t\t\t\t\t<img decoding=\"async\" src=\"https:\/\/joseluispena.es\/wp-content\/uploads\/2023\/04\/10422466_556638124438543_399540985015566658_n-1.jpg\" alt=\"10422466_556638124438543_399540985015566658_n\" class=\"premium-adv-carousel__item-img premium-hover-effects__zoomin\">\r\n\t\t\t\t\t\t\t\t\t\t\t\t<\/div>\r\n\r\n\t\t\t\t\t\r\n\t\t\t\t\t\t\t\t\t<\/div>\r\n\t\t\t<\/div>\r\n\t\t\t\t\t\t<div class=\"premium-adv-carousel__item-outer-wrapper\">\r\n\t\t\t\t<div class=\"elementor-repeater-item-6ccfe39 premium-adv-carousel__item premium-adv-carousel__item-image\">\r\n\t\t\t\t\t<div class=\"premium-adv-carousel__media-wrap\">\r\n\t\t\t\t\t\t\t\t\t\t\t\t\t\t<img decoding=\"async\" src=\"https:\/\/joseluispena.es\/wp-content\/uploads\/2023\/04\/23795450_1118261874942829_369555852206997886_n.jpg\" alt=\"23795450_1118261874942829_369555852206997886_n\" class=\"premium-adv-carousel__item-img premium-hover-effects__zoomin\">\r\n\t\t\t\t\t\t\t\t\t\t\t\t<\/div>\r\n\r\n\t\t\t\t\t\r\n\t\t\t\t\t\t\t\t\t<\/div>\r\n\t\t\t<\/div>\r\n\t\t\t\t\t\t<div class=\"premium-adv-carousel__item-outer-wrapper\">\r\n\t\t\t\t<div class=\"elementor-repeater-item-45ad9b3 premium-adv-carousel__item premium-adv-carousel__item-image\">\r\n\t\t\t\t\t<div class=\"premium-adv-carousel__media-wrap\">\r\n\t\t\t\t\t\t\t\t\t\t\t\t\t\t<img decoding=\"async\" src=\"https:\/\/joseluispena.es\/wp-content\/uploads\/2023\/04\/52457313_1579308198838192_5454281047678124032_n.jpg\" alt=\"52457313_1579308198838192_5454281047678124032_n\" class=\"premium-adv-carousel__item-img premium-hover-effects__zoomin\">\r\n\t\t\t\t\t\t\t\t\t\t\t\t<\/div>\r\n\r\n\t\t\t\t\t\r\n\t\t\t\t\t\t\t\t\t<\/div>\r\n\t\t\t<\/div>\r\n\t\t\t\t\t\t\t<\/div>\r\n\t\t\t<\/div>\r\n\t\t<\/div>\r\n\t\t\t\t\t\t<\/div>\n\t\t\t\t<\/div>\n\t\t\t\t\t<\/div>\n\t\t<\/div>\n\t\t\t\t\t<\/div>\n\t\t<\/section>\n\t\t\t\t\t<\/div>\n\t\t<\/div>\n\t\t\t\t\t<\/div>\n\t\t<\/section>\n\t\t\t\t<section data-particle_enable=\"false\" data-particle-mobile-disabled=\"false\" class=\"elementor-section elementor-top-section elementor-element elementor-element-79cb0ee8 elementor-hidden-widescreen elementor-hidden-desktop elementor-hidden-tablet elementor-hidden-mobile elementor-section-boxed elementor-section-height-default elementor-section-height-default\" data-id=\"79cb0ee8\" data-element_type=\"section\" data-e-type=\"section\" data-settings=\"{&quot;background_background&quot;:&quot;classic&quot;}\">\n\t\t\t\t\t\t\t<div class=\"elementor-background-overlay\"><\/div>\n\t\t\t\t\t\t\t<div class=\"elementor-container elementor-column-gap-default\">\n\t\t\t\t\t<div class=\"elementor-column elementor-col-50 elementor-top-column elementor-element elementor-element-7fa67801\" data-id=\"7fa67801\" data-element_type=\"column\" data-e-type=\"column\">\n\t\t\t<div class=\"elementor-widget-wrap elementor-element-populated\">\n\t\t\t\t\t\t<div class=\"elementor-element elementor-element-42e90901 elementor-widget elementor-widget-text-editor\" data-id=\"42e90901\" data-element_type=\"widget\" data-e-type=\"widget\" data-widget_type=\"text-editor.default\">\n\t\t\t\t<div class=\"elementor-widget-container\">\n\t\t\t\t\t\t\t\t\t<p>Eu iusto dolorum pro, facer oportere duo ne. Cum ei commune instructior. Ne dicat qualisque ullamcorper ius, ubique dolorum consetetur in vis. Nisl commodo te sed.<\/p><p>\u00a0<\/p><p>Eu iusto dolorum pro, facer oportere duo ne. Cum ei commune instructior. Ne dicat qualisque ullamcorper ius, ubique dolorum consetetur in vis. Nisl commodo te sed.<\/p>\t\t\t\t\t\t\t\t<\/div>\n\t\t\t\t<\/div>\n\t\t\t\t\t<\/div>\n\t\t<\/div>\n\t\t\t\t<div class=\"elementor-column elementor-col-50 elementor-top-column elementor-element elementor-element-1143f015\" data-id=\"1143f015\" data-element_type=\"column\" data-e-type=\"column\">\n\t\t\t<div class=\"elementor-widget-wrap elementor-element-populated\">\n\t\t\t\t\t\t<section data-particle_enable=\"false\" data-particle-mobile-disabled=\"false\" class=\"elementor-section elementor-inner-section elementor-element elementor-element-6bbd06d4 elementor-section-boxed elementor-section-height-default elementor-section-height-default\" data-id=\"6bbd06d4\" data-element_type=\"section\" data-e-type=\"section\">\n\t\t\t\t\t\t<div class=\"elementor-container elementor-column-gap-default\">\n\t\t\t\t\t<div class=\"elementor-column elementor-col-50 elementor-inner-column elementor-element elementor-element-6a557a0c\" data-id=\"6a557a0c\" data-element_type=\"column\" data-e-type=\"column\">\n\t\t\t<div class=\"elementor-widget-wrap elementor-element-populated\">\n\t\t\t\t\t\t<div class=\"elementor-element elementor-element-4fbd0401 elementor-widget elementor-widget-image\" data-id=\"4fbd0401\" data-element_type=\"widget\" data-e-type=\"widget\" data-widget_type=\"image.default\">\n\t\t\t\t<div class=\"elementor-widget-container\">\n\t\t\t\t\t\t\t\t\t\t\t\t\t\t\t<img fetchpriority=\"high\" decoding=\"async\" width=\"675\" height=\"960\" src=\"https:\/\/joseluispena.es\/wp-content\/uploads\/2023\/02\/18447528_975257789243239_7759053329655360946_n-1.jpg\" class=\"attachment-large size-large wp-image-1036\" alt=\"\" srcset=\"https:\/\/joseluispena.es\/wp-content\/uploads\/2023\/02\/18447528_975257789243239_7759053329655360946_n-1.jpg 675w, https:\/\/joseluispena.es\/wp-content\/uploads\/2023\/02\/18447528_975257789243239_7759053329655360946_n-1-600x853.jpg 600w, https:\/\/joseluispena.es\/wp-content\/uploads\/2023\/02\/18447528_975257789243239_7759053329655360946_n-1-211x300.jpg 211w\" sizes=\"(max-width: 675px) 100vw, 675px\" \/>\t\t\t\t\t\t\t\t\t\t\t\t\t\t\t<\/div>\n\t\t\t\t<\/div>\n\t\t\t\t<div class=\"elementor-element elementor-element-1bb0ffd6 elementor-widget elementor-widget-image\" data-id=\"1bb0ffd6\" data-element_type=\"widget\" data-e-type=\"widget\" data-widget_type=\"image.default\">\n\t\t\t\t<div class=\"elementor-widget-container\">\n\t\t\t\t\t\t\t\t\t\t\t\t\t\t\t<img decoding=\"async\" width=\"800\" height=\"600\" src=\"https:\/\/joseluispena.es\/wp-content\/uploads\/2023\/02\/52528672_1579308615504817_6081789315950575616_n-2.jpg\" class=\"attachment-large size-large wp-image-1039\" alt=\"\" srcset=\"https:\/\/joseluispena.es\/wp-content\/uploads\/2023\/02\/52528672_1579308615504817_6081789315950575616_n-2.jpg 960w, https:\/\/joseluispena.es\/wp-content\/uploads\/2023\/02\/52528672_1579308615504817_6081789315950575616_n-2-600x450.jpg 600w, https:\/\/joseluispena.es\/wp-content\/uploads\/2023\/02\/52528672_1579308615504817_6081789315950575616_n-2-300x225.jpg 300w, https:\/\/joseluispena.es\/wp-content\/uploads\/2023\/02\/52528672_1579308615504817_6081789315950575616_n-2-768x576.jpg 768w\" sizes=\"(max-width: 800px) 100vw, 800px\" \/>\t\t\t\t\t\t\t\t\t\t\t\t\t\t\t<\/div>\n\t\t\t\t<\/div>\n\t\t\t\t\t<\/div>\n\t\t<\/div>\n\t\t\t\t<div class=\"elementor-column elementor-col-50 elementor-inner-column elementor-element elementor-element-4b442551\" data-id=\"4b442551\" data-element_type=\"column\" data-e-type=\"column\">\n\t\t\t<div class=\"elementor-widget-wrap elementor-element-populated\">\n\t\t\t\t\t\t<div class=\"elementor-element elementor-element-326687da elementor-widget elementor-widget-image\" data-id=\"326687da\" data-element_type=\"widget\" data-e-type=\"widget\" data-widget_type=\"image.default\">\n\t\t\t\t<div class=\"elementor-widget-container\">\n\t\t\t\t\t\t\t\t\t\t\t\t\t\t\t<img decoding=\"async\" width=\"800\" height=\"533\" src=\"https:\/\/joseluispena.es\/wp-content\/uploads\/2023\/02\/10422466_556638124438543_399540985015566658_n-1.jpg\" class=\"attachment-large size-large wp-image-1037\" alt=\"\" srcset=\"https:\/\/joseluispena.es\/wp-content\/uploads\/2023\/02\/10422466_556638124438543_399540985015566658_n-1.jpg 960w, https:\/\/joseluispena.es\/wp-content\/uploads\/2023\/02\/10422466_556638124438543_399540985015566658_n-1-600x399.jpg 600w, https:\/\/joseluispena.es\/wp-content\/uploads\/2023\/02\/10422466_556638124438543_399540985015566658_n-1-300x200.jpg 300w, https:\/\/joseluispena.es\/wp-content\/uploads\/2023\/02\/10422466_556638124438543_399540985015566658_n-1-768x511.jpg 768w\" sizes=\"(max-width: 800px) 100vw, 800px\" \/>\t\t\t\t\t\t\t\t\t\t\t\t\t\t\t<\/div>\n\t\t\t\t<\/div>\n\t\t\t\t<div class=\"elementor-element elementor-element-4394e557 elementor-widget elementor-widget-image\" data-id=\"4394e557\" data-element_type=\"widget\" data-e-type=\"widget\" data-widget_type=\"image.default\">\n\t\t\t\t<div class=\"elementor-widget-container\">\n\t\t\t\t\t\t\t\t\t\t\t\t\t\t\t<img loading=\"lazy\" decoding=\"async\" width=\"800\" height=\"432\" src=\"https:\/\/joseluispena.es\/wp-content\/uploads\/2023\/02\/18489910_975260879242930_7086062003190106499_o-3.jpg\" class=\"attachment-large size-large wp-image-1038\" alt=\"\" srcset=\"https:\/\/joseluispena.es\/wp-content\/uploads\/2023\/02\/18489910_975260879242930_7086062003190106499_o-3.jpg 1004w, https:\/\/joseluispena.es\/wp-content\/uploads\/2023\/02\/18489910_975260879242930_7086062003190106499_o-3-600x324.jpg 600w, https:\/\/joseluispena.es\/wp-content\/uploads\/2023\/02\/18489910_975260879242930_7086062003190106499_o-3-300x162.jpg 300w, https:\/\/joseluispena.es\/wp-content\/uploads\/2023\/02\/18489910_975260879242930_7086062003190106499_o-3-768x415.jpg 768w\" sizes=\"(max-width: 800px) 100vw, 800px\" \/>\t\t\t\t\t\t\t\t\t\t\t\t\t\t\t<\/div>\n\t\t\t\t<\/div>\n\t\t\t\t\t<\/div>\n\t\t<\/div>\n\t\t\t\t\t<\/div>\n\t\t<\/section>\n\t\t\t\t\t<\/div>\n\t\t<\/div>\n\t\t\t\t\t<\/div>\n\t\t<\/section>\n\t\t\t\t<\/div>","protected":false},"excerpt":{"rendered":"<p>Rehabilitaci\u00f3n y Construcci\u00f3n de Edificaciones de Madera Transformamos estructuras con nuestro servicio de rehabilitaci\u00f3n y construcci\u00f3n de edificaciones de madera. Desde la restauraci\u00f3n de antiguas joyas arquitect\u00f3nicas hasta la creaci\u00f3n de espacios modernos, combinamos experiencia y artesan\u00eda. Renovamos y construimos con madera, respetando la tradici\u00f3n y abrazando la innovaci\u00f3n para edificaciones que perduran con elegancia. [&hellip;]<\/p>\n","protected":false},"author":2,"featured_media":0,"parent":0,"menu_order":0,"comment_status":"closed","ping_status":"closed","template":"","meta":{"_seopress_robots_primary_cat":"","_seopress_titles_title":"%%post_title%% %%sep%% %%sitetitle%%","_seopress_titles_desc":"Expertos en rehabilitaci\u00f3n y construcci\u00f3n de edificaciones de madera. Transformamos y creamos espacios duraderos con t\u00e9cnicas especializadas y materiales de calidad.","_seopress_robots_index":"","footnotes":""},"class_list":["post-1031","page","type-page","status-publish","hentry"],"_links":{"self":[{"href":"https:\/\/joseluispena.es\/gl\/wp-json\/wp\/v2\/pages\/1031","targetHints":{"allow":["GET"]}}],"collection":[{"href":"https:\/\/joseluispena.es\/gl\/wp-json\/wp\/v2\/pages"}],"about":[{"href":"https:\/\/joseluispena.es\/gl\/wp-json\/wp\/v2\/types\/page"}],"author":[{"embeddable":true,"href":"https:\/\/joseluispena.es\/gl\/wp-json\/wp\/v2\/users\/2"}],"replies":[{"embeddable":true,"href":"https:\/\/joseluispena.es\/gl\/wp-json\/wp\/v2\/comments?post=1031"}],"version-history":[{"count":11,"href":"https:\/\/joseluispena.es\/gl\/wp-json\/wp\/v2\/pages\/1031\/revisions"}],"predecessor-version":[{"id":4094,"href":"https:\/\/joseluispena.es\/gl\/wp-json\/wp\/v2\/pages\/1031\/revisions\/4094"}],"wp:attachment":[{"href":"https:\/\/joseluispena.es\/gl\/wp-json\/wp\/v2\/media?parent=1031"}],"curies":[{"name":"wp","href":"https:\/\/api.w.org\/{rel}","templated":true}]}}