{"id":2039,"date":"2023-09-05T21:55:16","date_gmt":"2023-09-05T19:55:16","guid":{"rendered":"https:\/\/joseluispena.es\/?page_id=2039"},"modified":"2024-05-06T12:31:37","modified_gmt":"2024-05-06T10:31:37","slug":"fabricacion-y-colocacion-de-puertas-de-paso-en-madera","status":"publish","type":"page","link":"https:\/\/joseluispena.es\/gl\/fabricacion-y-colocacion-de-puertas-de-paso-en-madera\/","title":{"rendered":"Fabricaci\u00f3n e colocaci\u00f3n de portas de paso en madeira."},"content":{"rendered":"<div data-elementor-type=\"wp-page\" data-elementor-id=\"2039\" class=\"elementor elementor-2039\" data-elementor-post-type=\"page\">\n\t\t\t\t\t\t<section data-particle_enable=\"false\" data-particle-mobile-disabled=\"false\" class=\"elementor-section elementor-top-section elementor-element elementor-element-2b6eb0c elementor-section-height-min-height elementor-section-boxed elementor-section-height-default elementor-section-items-middle\" data-id=\"2b6eb0c\" data-element_type=\"section\" data-e-type=\"section\" data-settings=\"{&quot;background_background&quot;:&quot;classic&quot;}\">\n\t\t\t\t\t\t\t<div class=\"elementor-background-overlay\"><\/div>\n\t\t\t\t\t\t\t<div class=\"elementor-container elementor-column-gap-default\">\n\t\t\t\t\t<div class=\"elementor-column elementor-col-100 elementor-top-column elementor-element elementor-element-63c991c9\" data-id=\"63c991c9\" data-element_type=\"column\" data-e-type=\"column\">\n\t\t\t<div class=\"elementor-widget-wrap elementor-element-populated\">\n\t\t\t\t\t\t<section data-particle_enable=\"false\" data-particle-mobile-disabled=\"false\" class=\"elementor-section elementor-inner-section elementor-element elementor-element-65645d9a elementor-section-boxed elementor-section-height-default elementor-section-height-default\" data-id=\"65645d9a\" data-element_type=\"section\" data-e-type=\"section\">\n\t\t\t\t\t\t<div class=\"elementor-container elementor-column-gap-default\">\n\t\t\t\t\t<div class=\"elementor-column elementor-col-100 elementor-inner-column elementor-element elementor-element-533680f1\" data-id=\"533680f1\" data-element_type=\"column\" data-e-type=\"column\">\n\t\t\t<div class=\"elementor-widget-wrap elementor-element-populated\">\n\t\t\t\t\t\t<div class=\"elementor-element elementor-element-738204c6 elementor-widget-widescreen__width-initial elementor-widget elementor-widget-heading\" data-id=\"738204c6\" data-element_type=\"widget\" data-e-type=\"widget\" data-widget_type=\"heading.default\">\n\t\t\t\t<div class=\"elementor-widget-container\">\n\t\t\t\t\t<h2 class=\"elementor-heading-title elementor-size-default\">Fabricaci\u00f3n e colocaci\u00f3n de portas de paso en madeira.<\/h2>\t\t\t\t<\/div>\n\t\t\t\t<\/div>\n\t\t\t\t\t<\/div>\n\t\t<\/div>\n\t\t\t\t\t<\/div>\n\t\t<\/section>\n\t\t\t\t\t<\/div>\n\t\t<\/div>\n\t\t\t\t\t<\/div>\n\t\t<\/section>\n\t\t\t\t<section data-particle_enable=\"false\" data-particle-mobile-disabled=\"false\" class=\"elementor-section elementor-top-section elementor-element elementor-element-45818cd8 elementor-section-boxed elementor-section-height-default elementor-section-height-default\" data-id=\"45818cd8\" data-element_type=\"section\" data-e-type=\"section\" data-settings=\"{&quot;background_background&quot;:&quot;classic&quot;}\">\n\t\t\t\t\t\t\t<div class=\"elementor-background-overlay\"><\/div>\n\t\t\t\t\t\t\t<div class=\"elementor-container elementor-column-gap-default\">\n\t\t\t\t\t<div class=\"elementor-column elementor-col-50 elementor-top-column elementor-element elementor-element-5b0d199\" data-id=\"5b0d199\" data-element_type=\"column\" data-e-type=\"column\">\n\t\t\t<div class=\"elementor-widget-wrap elementor-element-populated\">\n\t\t\t\t\t\t<div class=\"elementor-element elementor-element-7cb89e77 elementor-widget elementor-widget-text-editor\" data-id=\"7cb89e77\" data-element_type=\"widget\" data-e-type=\"widget\" data-widget_type=\"text-editor.default\">\n\t\t\t\t<div class=\"elementor-widget-container\">\n\t\t\t\t\t\t\t\t\t<p>Embelece o teu espazo facendo uso do noso servizo de fabricaci\u00f3n e colocaci\u00f3n de portas de paso en madeira.<\/p><p>Con dese\u00f1os de calquera estilo, dende o m\u00e1is cl\u00e1sico ata o contempor\u00e1neo, cada porta recibe un trato artesanal e experta instalaci\u00f3n.<\/p><p>Aportamos calidez e estilo ao teu fugar mediante un traballo de resultados duradeiros e eficaces que non esquece a est\u00e9tica.<\/p>\t\t\t\t\t\t\t\t<\/div>\n\t\t\t\t<\/div>\n\t\t\t\t\t<\/div>\n\t\t<\/div>\n\t\t\t\t<div class=\"elementor-column elementor-col-50 elementor-top-column elementor-element elementor-element-34cf6173\" data-id=\"34cf6173\" data-element_type=\"column\" data-e-type=\"column\">\n\t\t\t<div class=\"elementor-widget-wrap elementor-element-populated\">\n\t\t\t\t\t\t<section data-particle_enable=\"false\" data-particle-mobile-disabled=\"false\" class=\"elementor-section elementor-inner-section elementor-element elementor-element-4c49414e elementor-section-boxed elementor-section-height-default elementor-section-height-default\" data-id=\"4c49414e\" data-element_type=\"section\" data-e-type=\"section\">\n\t\t\t\t\t\t<div class=\"elementor-container elementor-column-gap-default\">\n\t\t\t\t\t<div class=\"elementor-column elementor-col-100 elementor-inner-column elementor-element elementor-element-4f6c0e9e\" data-id=\"4f6c0e9e\" data-element_type=\"column\" data-e-type=\"column\">\n\t\t\t<div class=\"elementor-widget-wrap elementor-element-populated\">\n\t\t\t\t\t\t<div class=\"elementor-element elementor-element-15c8058b premium-adv-carousel__infinite premium-adv-carousel__horizontal elementor-widget elementor-widget-premium-media-wheel\" data-id=\"15c8058b\" data-element_type=\"widget\" data-e-type=\"widget\" data-widget_type=\"premium-media-wheel.default\">\n\t\t\t\t<div class=\"elementor-widget-container\">\n\t\t\t\t\t\t\t<div class=\"premium-adv-carousel-no-lightbox premium-adv-carousel__container\" data-settings=\"{&quot;type&quot;:&quot;infinite&quot;,&quot;scroll&quot;:false,&quot;speed&quot;:55,&quot;pauseOnHover&quot;:true,&quot;dir&quot;:&quot;horizontal&quot;,&quot;reverse&quot;:&quot;normal&quot;,&quot;renderEvent&quot;:&quot;scroll&quot;}\">\r\n\r\n\t\t\t<div style=\"visibility:hidden;\" class=\"premium-adv-carousel__inner-container\">\r\n\r\n\t\t\t\t<div class=\"premium-adv-carousel__items\">\r\n\r\n\t\t\t\t\t\t\t\t<div class=\"premium-adv-carousel__item-outer-wrapper\">\r\n\t\t\t\t<div class=\"elementor-repeater-item-160c281 premium-adv-carousel__item premium-adv-carousel__item-image\">\r\n\t\t\t\t\t<div class=\"premium-adv-carousel__media-wrap\">\r\n\t\t\t\t\t\t\t\t\t\t\t\t\t\t<img decoding=\"async\" src=\"https:\/\/joseluispena.es\/wp-content\/uploads\/2023\/11\/puerta-exterior.jpg\" alt=\"puerta exterior\" class=\"premium-adv-carousel__item-img premium-hover-effects__zoomin\">\r\n\t\t\t\t\t\t\t\t\t\t\t\t<\/div>\r\n\r\n\t\t\t\t\t\r\n\t\t\t\t\t\t\t\t\t<\/div>\r\n\t\t\t<\/div>\r\n\t\t\t\t\t\t<div class=\"premium-adv-carousel__item-outer-wrapper\">\r\n\t\t\t\t<div class=\"elementor-repeater-item-b766b9a premium-adv-carousel__item premium-adv-carousel__item-image\">\r\n\t\t\t\t\t<div class=\"premium-adv-carousel__media-wrap\">\r\n\t\t\t\t\t\t\t\t\t\t\t\t\t\t<img decoding=\"async\" src=\"https:\/\/joseluispena.es\/wp-content\/uploads\/2023\/02\/54393296_1614702781965400_7529859860742012928_n.jpg\" alt=\"54393296_1614702781965400_7529859860742012928_n\" class=\"premium-adv-carousel__item-img premium-hover-effects__zoomin\">\r\n\t\t\t\t\t\t\t\t\t\t\t\t<\/div>\r\n\r\n\t\t\t\t\t\r\n\t\t\t\t\t\t\t\t\t<\/div>\r\n\t\t\t<\/div>\r\n\t\t\t\t\t\t<div class=\"premium-adv-carousel__item-outer-wrapper\">\r\n\t\t\t\t<div class=\"elementor-repeater-item-6ccfe39 premium-adv-carousel__item premium-adv-carousel__item-image\">\r\n\t\t\t\t\t<div class=\"premium-adv-carousel__media-wrap\">\r\n\t\t\t\t\t\t\t\t\t\t\t\t\t\t<img decoding=\"async\" src=\"https:\/\/joseluispena.es\/wp-content\/uploads\/2023\/09\/Puerta-en-madera-de-cipres-1.jpg\" alt=\"Puerta-en-madera-de-cipres\" class=\"premium-adv-carousel__item-img premium-hover-effects__zoomin\">\r\n\t\t\t\t\t\t\t\t\t\t\t\t<\/div>\r\n\r\n\t\t\t\t\t\r\n\t\t\t\t\t\t\t\t\t<\/div>\r\n\t\t\t<\/div>\r\n\t\t\t\t\t\t<div class=\"premium-adv-carousel__item-outer-wrapper\">\r\n\t\t\t\t<div class=\"elementor-repeater-item-45ad9b3 premium-adv-carousel__item premium-adv-carousel__item-image\">\r\n\t\t\t\t\t<div class=\"premium-adv-carousel__media-wrap\">\r\n\t\t\t\t\t\t\t\t\t\t\t\t\t\t<img decoding=\"async\" src=\"https:\/\/joseluispena.es\/wp-content\/uploads\/2023\/04\/12711286_689651547803866_8684878779301583714_o.jpg\" alt=\"12711286_689651547803866_8684878779301583714_o\" class=\"premium-adv-carousel__item-img premium-hover-effects__zoomin\">\r\n\t\t\t\t\t\t\t\t\t\t\t\t<\/div>\r\n\r\n\t\t\t\t\t\r\n\t\t\t\t\t\t\t\t\t<\/div>\r\n\t\t\t<\/div>\r\n\t\t\t\t\t\t\t<\/div>\r\n\t\t\t<\/div>\r\n\t\t<\/div>\r\n\t\t\t\t\t\t<\/div>\n\t\t\t\t<\/div>\n\t\t\t\t\t<\/div>\n\t\t<\/div>\n\t\t\t\t\t<\/div>\n\t\t<\/section>\n\t\t\t\t\t<\/div>\n\t\t<\/div>\n\t\t\t\t\t<\/div>\n\t\t<\/section>\n\t\t\t\t<section data-particle_enable=\"false\" data-particle-mobile-disabled=\"false\" class=\"elementor-section elementor-top-section elementor-element elementor-element-15b0ad3 elementor-hidden-widescreen elementor-hidden-desktop elementor-hidden-tablet elementor-hidden-mobile elementor-section-boxed elementor-section-height-default elementor-section-height-default\" data-id=\"15b0ad3\" data-element_type=\"section\" data-e-type=\"section\" data-settings=\"{&quot;background_background&quot;:&quot;classic&quot;}\">\n\t\t\t\t\t\t\t<div class=\"elementor-background-overlay\"><\/div>\n\t\t\t\t\t\t\t<div class=\"elementor-container elementor-column-gap-default\">\n\t\t\t\t\t<div class=\"elementor-column elementor-col-50 elementor-top-column elementor-element elementor-element-042a6e9\" data-id=\"042a6e9\" data-element_type=\"column\" data-e-type=\"column\">\n\t\t\t<div class=\"elementor-widget-wrap elementor-element-populated\">\n\t\t\t\t\t\t<div class=\"elementor-element elementor-element-d4c6d18 elementor-widget elementor-widget-text-editor\" data-id=\"d4c6d18\" data-element_type=\"widget\" data-e-type=\"widget\" data-widget_type=\"text-editor.default\">\n\t\t\t\t<div class=\"elementor-widget-container\">\n\t\t\t\t\t\t\t\t\t<p>Eu iusto dolorum pro, facer oportere duo ne. Cum ei commune instructior. Ne dicat qualisque ullamcorper ius, ubique dolorum consetetur in vis. Nisl commodo te sed.<\/p><p>\u00a0<\/p><p>Eu iusto dolorum pro, facer oportere duo ne. Cum ei commune instructior. Ne dicat qualisque ullamcorper ius, ubique dolorum consetetur in vis. Nisl commodo te sed.<\/p>\t\t\t\t\t\t\t\t<\/div>\n\t\t\t\t<\/div>\n\t\t\t\t\t<\/div>\n\t\t<\/div>\n\t\t\t\t<div class=\"elementor-column elementor-col-50 elementor-top-column elementor-element elementor-element-b897aad\" data-id=\"b897aad\" data-element_type=\"column\" data-e-type=\"column\">\n\t\t\t<div class=\"elementor-widget-wrap elementor-element-populated\">\n\t\t\t\t\t\t<section data-particle_enable=\"false\" data-particle-mobile-disabled=\"false\" class=\"elementor-section elementor-inner-section elementor-element elementor-element-42b1c85 elementor-section-boxed elementor-section-height-default elementor-section-height-default\" data-id=\"42b1c85\" data-element_type=\"section\" data-e-type=\"section\">\n\t\t\t\t\t\t<div class=\"elementor-container elementor-column-gap-default\">\n\t\t\t\t\t<div class=\"elementor-column elementor-col-50 elementor-inner-column elementor-element elementor-element-29a2bda\" data-id=\"29a2bda\" data-element_type=\"column\" data-e-type=\"column\">\n\t\t\t<div class=\"elementor-widget-wrap elementor-element-populated\">\n\t\t\t\t\t\t<div class=\"elementor-element elementor-element-39b0eea elementor-widget elementor-widget-image\" data-id=\"39b0eea\" data-element_type=\"widget\" data-e-type=\"widget\" data-widget_type=\"image.default\">\n\t\t\t\t<div class=\"elementor-widget-container\">\n\t\t\t\t\t\t\t\t\t\t\t\t\t\t\t<img fetchpriority=\"high\" decoding=\"async\" width=\"768\" height=\"1024\" src=\"https:\/\/joseluispena.es\/wp-content\/uploads\/2023\/09\/Puerta-en-madera-de-cipres-1-768x1024.jpg\" class=\"attachment-large size-large wp-image-1968\" alt=\"\" srcset=\"https:\/\/joseluispena.es\/wp-content\/uploads\/2023\/09\/Puerta-en-madera-de-cipres-1-768x1024.jpg 768w, https:\/\/joseluispena.es\/wp-content\/uploads\/2023\/09\/Puerta-en-madera-de-cipres-1-600x800.jpg 600w, https:\/\/joseluispena.es\/wp-content\/uploads\/2023\/09\/Puerta-en-madera-de-cipres-1-225x300.jpg 225w, https:\/\/joseluispena.es\/wp-content\/uploads\/2023\/09\/Puerta-en-madera-de-cipres-1.jpg 800w\" sizes=\"(max-width: 768px) 100vw, 768px\" \/>\t\t\t\t\t\t\t\t\t\t\t\t\t\t\t<\/div>\n\t\t\t\t<\/div>\n\t\t\t\t<div class=\"elementor-element elementor-element-a3d88b6 elementor-widget elementor-widget-image\" data-id=\"a3d88b6\" data-element_type=\"widget\" data-e-type=\"widget\" data-widget_type=\"image.default\">\n\t\t\t\t<div class=\"elementor-widget-container\">\n\t\t\t\t\t\t\t\t\t\t\t\t\t\t\t<img decoding=\"async\" width=\"800\" height=\"533\" src=\"https:\/\/joseluispena.es\/wp-content\/uploads\/2023\/02\/10940537_551411261627896_8511237810220802090_n_1.jpg\" class=\"attachment-large size-large wp-image-990\" alt=\"\" srcset=\"https:\/\/joseluispena.es\/wp-content\/uploads\/2023\/02\/10940537_551411261627896_8511237810220802090_n_1.jpg 960w, https:\/\/joseluispena.es\/wp-content\/uploads\/2023\/02\/10940537_551411261627896_8511237810220802090_n_1-600x399.jpg 600w, https:\/\/joseluispena.es\/wp-content\/uploads\/2023\/02\/10940537_551411261627896_8511237810220802090_n_1-300x200.jpg 300w, https:\/\/joseluispena.es\/wp-content\/uploads\/2023\/02\/10940537_551411261627896_8511237810220802090_n_1-768x511.jpg 768w\" sizes=\"(max-width: 800px) 100vw, 800px\" \/>\t\t\t\t\t\t\t\t\t\t\t\t\t\t\t<\/div>\n\t\t\t\t<\/div>\n\t\t\t\t\t<\/div>\n\t\t<\/div>\n\t\t\t\t<div class=\"elementor-column elementor-col-50 elementor-inner-column elementor-element elementor-element-da71f08\" data-id=\"da71f08\" data-element_type=\"column\" data-e-type=\"column\">\n\t\t\t<div class=\"elementor-widget-wrap elementor-element-populated\">\n\t\t\t\t\t\t<div class=\"elementor-element elementor-element-5e17f04 elementor-widget elementor-widget-image\" data-id=\"5e17f04\" data-element_type=\"widget\" data-e-type=\"widget\" data-widget_type=\"image.default\">\n\t\t\t\t<div class=\"elementor-widget-container\">\n\t\t\t\t\t\t\t\t\t\t\t\t\t\t\t<img decoding=\"async\" width=\"800\" height=\"532\" src=\"https:\/\/joseluispena.es\/wp-content\/uploads\/2023\/04\/12711286_689651547803866_8684878779301583714_o-1024x681.jpg\" class=\"attachment-large size-large wp-image-1830\" alt=\"\" srcset=\"https:\/\/joseluispena.es\/wp-content\/uploads\/2023\/04\/12711286_689651547803866_8684878779301583714_o-1024x681.jpg 1024w, https:\/\/joseluispena.es\/wp-content\/uploads\/2023\/04\/12711286_689651547803866_8684878779301583714_o-600x399.jpg 600w, https:\/\/joseluispena.es\/wp-content\/uploads\/2023\/04\/12711286_689651547803866_8684878779301583714_o-300x200.jpg 300w, https:\/\/joseluispena.es\/wp-content\/uploads\/2023\/04\/12711286_689651547803866_8684878779301583714_o-768x511.jpg 768w, https:\/\/joseluispena.es\/wp-content\/uploads\/2023\/04\/12711286_689651547803866_8684878779301583714_o.jpg 1148w\" sizes=\"(max-width: 800px) 100vw, 800px\" \/>\t\t\t\t\t\t\t\t\t\t\t\t\t\t\t<\/div>\n\t\t\t\t<\/div>\n\t\t\t\t<div class=\"elementor-element elementor-element-025da90 elementor-widget elementor-widget-image\" data-id=\"025da90\" data-element_type=\"widget\" data-e-type=\"widget\" data-widget_type=\"image.default\">\n\t\t\t\t<div class=\"elementor-widget-container\">\n\t\t\t\t\t\t\t\t\t\t\t\t\t\t\t<img loading=\"lazy\" decoding=\"async\" width=\"800\" height=\"533\" src=\"https:\/\/joseluispena.es\/wp-content\/uploads\/2023\/02\/10846053_556639077771781_6284145680912881987_n.jpg\" class=\"attachment-large size-large wp-image-989\" alt=\"\" srcset=\"https:\/\/joseluispena.es\/wp-content\/uploads\/2023\/02\/10846053_556639077771781_6284145680912881987_n.jpg 960w, https:\/\/joseluispena.es\/wp-content\/uploads\/2023\/02\/10846053_556639077771781_6284145680912881987_n-600x399.jpg 600w, https:\/\/joseluispena.es\/wp-content\/uploads\/2023\/02\/10846053_556639077771781_6284145680912881987_n-300x200.jpg 300w, https:\/\/joseluispena.es\/wp-content\/uploads\/2023\/02\/10846053_556639077771781_6284145680912881987_n-768x511.jpg 768w\" sizes=\"(max-width: 800px) 100vw, 800px\" \/>\t\t\t\t\t\t\t\t\t\t\t\t\t\t\t<\/div>\n\t\t\t\t<\/div>\n\t\t\t\t\t<\/div>\n\t\t<\/div>\n\t\t\t\t\t<\/div>\n\t\t<\/section>\n\t\t\t\t\t<\/div>\n\t\t<\/div>\n\t\t\t\t\t<\/div>\n\t\t<\/section>\n\t\t\t\t<\/div>","protected":false},"excerpt":{"rendered":"<p>Fabricaci\u00f3n y colocaci\u00f3n de Puertas de paso en madera Embellece tu espacio con nuestro servicio de fabricaci\u00f3n y colocaci\u00f3n de puertas de paso en madera. Desde dise\u00f1os cl\u00e1sicos hasta contempor\u00e1neos, cada puerta es creada con maestr\u00eda artesanal y experta instalaci\u00f3n. Aportamos calidez y estilo a tu hogar, fusionando funcionalidad con la atemporalidad de la madera. [&hellip;]<\/p>\n","protected":false},"author":2,"featured_media":0,"parent":0,"menu_order":0,"comment_status":"closed","ping_status":"closed","template":"","meta":{"_seopress_robots_primary_cat":"","_seopress_titles_title":"%%post_title%% %%sep%% %%sitetitle%%","_seopress_titles_desc":"Expertos en puertas de paso en madera. Descubre dise\u00f1os personalizados y la excelencia en fabricaci\u00f3n para transformar tus espacios con elegancia.","_seopress_robots_index":"","footnotes":""},"class_list":["post-2039","page","type-page","status-publish","hentry"],"_links":{"self":[{"href":"https:\/\/joseluispena.es\/gl\/wp-json\/wp\/v2\/pages\/2039","targetHints":{"allow":["GET"]}}],"collection":[{"href":"https:\/\/joseluispena.es\/gl\/wp-json\/wp\/v2\/pages"}],"about":[{"href":"https:\/\/joseluispena.es\/gl\/wp-json\/wp\/v2\/types\/page"}],"author":[{"embeddable":true,"href":"https:\/\/joseluispena.es\/gl\/wp-json\/wp\/v2\/users\/2"}],"replies":[{"embeddable":true,"href":"https:\/\/joseluispena.es\/gl\/wp-json\/wp\/v2\/comments?post=2039"}],"version-history":[{"count":20,"href":"https:\/\/joseluispena.es\/gl\/wp-json\/wp\/v2\/pages\/2039\/revisions"}],"predecessor-version":[{"id":4084,"href":"https:\/\/joseluispena.es\/gl\/wp-json\/wp\/v2\/pages\/2039\/revisions\/4084"}],"wp:attachment":[{"href":"https:\/\/joseluispena.es\/gl\/wp-json\/wp\/v2\/media?parent=2039"}],"curies":[{"name":"wp","href":"https:\/\/api.w.org\/{rel}","templated":true}]}}