{"id":2062,"date":"2023-09-05T21:59:37","date_gmt":"2023-09-05T19:59:37","guid":{"rendered":"https:\/\/joseluispena.es\/?page_id=2062"},"modified":"2024-05-06T12:30:30","modified_gmt":"2024-05-06T10:30:30","slug":"fabricacion-de-muebles-de-jardin","status":"publish","type":"page","link":"https:\/\/joseluispena.es\/gl\/fabricacion-de-muebles-de-jardin\/","title":{"rendered":"Fabricaci\u00f3n de mobles de xard\u00edn."},"content":{"rendered":"<div data-elementor-type=\"wp-page\" data-elementor-id=\"2062\" class=\"elementor elementor-2062\" data-elementor-post-type=\"page\">\n\t\t\t\t\t\t<section data-particle_enable=\"false\" data-particle-mobile-disabled=\"false\" class=\"elementor-section elementor-top-section elementor-element elementor-element-6bb86651 elementor-section-height-min-height elementor-section-boxed elementor-section-height-default elementor-section-items-middle\" data-id=\"6bb86651\" data-element_type=\"section\" data-e-type=\"section\" data-settings=\"{&quot;background_background&quot;:&quot;classic&quot;}\">\n\t\t\t\t\t\t\t<div class=\"elementor-background-overlay\"><\/div>\n\t\t\t\t\t\t\t<div class=\"elementor-container elementor-column-gap-default\">\n\t\t\t\t\t<div class=\"elementor-column elementor-col-100 elementor-top-column elementor-element elementor-element-33b664f0\" data-id=\"33b664f0\" data-element_type=\"column\" data-e-type=\"column\">\n\t\t\t<div class=\"elementor-widget-wrap elementor-element-populated\">\n\t\t\t\t\t\t<section data-particle_enable=\"false\" data-particle-mobile-disabled=\"false\" class=\"elementor-section elementor-inner-section elementor-element elementor-element-3e87432f elementor-section-boxed elementor-section-height-default elementor-section-height-default\" data-id=\"3e87432f\" data-element_type=\"section\" data-e-type=\"section\">\n\t\t\t\t\t\t<div class=\"elementor-container elementor-column-gap-default\">\n\t\t\t\t\t<div class=\"elementor-column elementor-col-100 elementor-inner-column elementor-element elementor-element-68672c0c\" data-id=\"68672c0c\" data-element_type=\"column\" data-e-type=\"column\">\n\t\t\t<div class=\"elementor-widget-wrap elementor-element-populated\">\n\t\t\t\t\t\t<div class=\"elementor-element elementor-element-1370126 elementor-widget-widescreen__width-initial elementor-widget elementor-widget-heading\" data-id=\"1370126\" data-element_type=\"widget\" data-e-type=\"widget\" data-widget_type=\"heading.default\">\n\t\t\t\t<div class=\"elementor-widget-container\">\n\t\t\t\t\t<h2 class=\"elementor-heading-title elementor-size-default\">Fabricaci\u00f3n de mobles de xard\u00edn.<\/h2>\t\t\t\t<\/div>\n\t\t\t\t<\/div>\n\t\t\t\t\t<\/div>\n\t\t<\/div>\n\t\t\t\t\t<\/div>\n\t\t<\/section>\n\t\t\t\t\t<\/div>\n\t\t<\/div>\n\t\t\t\t\t<\/div>\n\t\t<\/section>\n\t\t\t\t<section data-particle_enable=\"false\" data-particle-mobile-disabled=\"false\" class=\"elementor-section elementor-top-section elementor-element elementor-element-7abf4a51 elementor-section-boxed elementor-section-height-default elementor-section-height-default\" data-id=\"7abf4a51\" data-element_type=\"section\" data-e-type=\"section\" data-settings=\"{&quot;background_background&quot;:&quot;classic&quot;}\">\n\t\t\t\t\t\t\t<div class=\"elementor-background-overlay\"><\/div>\n\t\t\t\t\t\t\t<div class=\"elementor-container elementor-column-gap-default\">\n\t\t\t\t\t<div class=\"elementor-column elementor-col-50 elementor-top-column elementor-element elementor-element-17f03255\" data-id=\"17f03255\" data-element_type=\"column\" data-e-type=\"column\">\n\t\t\t<div class=\"elementor-widget-wrap elementor-element-populated\">\n\t\t\t\t\t\t<div class=\"elementor-element elementor-element-494cd6f elementor-widget elementor-widget-text-editor\" data-id=\"494cd6f\" data-element_type=\"widget\" data-e-type=\"widget\" data-widget_type=\"text-editor.default\">\n\t\t\t\t<div class=\"elementor-widget-container\">\n\t\t\t\t\t\t\t\t\t<p>A nosa carpinter\u00eda artesanal transmite vida a cada moble de xard\u00edn. Con destreza e atenci\u00f3n minuciosa ao detalle, elaboramos pezas \u00fanicas.<\/p><p>Ofr\u00e9cese unha gama rica en diversos estilos e dese\u00f1os que se adapta a cada preferencia. Dende mesas ata cabanas, os nosos mobles crean o ambiente ideal ao aire libre.<\/p><p>Desfruta do encanto particular que o noso mobiliario exterior lle infunde ao teu xard\u00edn.<\/p>\t\t\t\t\t\t\t\t<\/div>\n\t\t\t\t<\/div>\n\t\t\t\t\t<\/div>\n\t\t<\/div>\n\t\t\t\t<div class=\"elementor-column elementor-col-50 elementor-top-column elementor-element elementor-element-756e0693\" data-id=\"756e0693\" data-element_type=\"column\" data-e-type=\"column\">\n\t\t\t<div class=\"elementor-widget-wrap elementor-element-populated\">\n\t\t\t\t\t\t<section data-particle_enable=\"false\" data-particle-mobile-disabled=\"false\" class=\"elementor-section elementor-inner-section elementor-element elementor-element-191b9404 elementor-section-boxed elementor-section-height-default elementor-section-height-default\" data-id=\"191b9404\" data-element_type=\"section\" data-e-type=\"section\">\n\t\t\t\t\t\t<div class=\"elementor-container elementor-column-gap-default\">\n\t\t\t\t\t<div class=\"elementor-column elementor-col-100 elementor-inner-column elementor-element elementor-element-20c4c3b1\" data-id=\"20c4c3b1\" data-element_type=\"column\" data-e-type=\"column\">\n\t\t\t<div class=\"elementor-widget-wrap elementor-element-populated\">\n\t\t\t\t\t\t<div class=\"elementor-element elementor-element-1a3976e1 premium-adv-carousel__infinite premium-adv-carousel__horizontal elementor-widget elementor-widget-premium-media-wheel\" data-id=\"1a3976e1\" data-element_type=\"widget\" data-e-type=\"widget\" data-widget_type=\"premium-media-wheel.default\">\n\t\t\t\t<div class=\"elementor-widget-container\">\n\t\t\t\t\t\t\t<div class=\"premium-adv-carousel-no-lightbox premium-adv-carousel__container\" data-settings=\"{&quot;type&quot;:&quot;infinite&quot;,&quot;scroll&quot;:false,&quot;speed&quot;:55,&quot;pauseOnHover&quot;:true,&quot;dir&quot;:&quot;horizontal&quot;,&quot;reverse&quot;:&quot;normal&quot;,&quot;renderEvent&quot;:&quot;scroll&quot;}\">\r\n\r\n\t\t\t<div style=\"visibility:hidden;\" class=\"premium-adv-carousel__inner-container\">\r\n\r\n\t\t\t\t<div class=\"premium-adv-carousel__items\">\r\n\r\n\t\t\t\t\t\t\t\t<div class=\"premium-adv-carousel__item-outer-wrapper\">\r\n\t\t\t\t<div class=\"elementor-repeater-item-160c281 premium-adv-carousel__item premium-adv-carousel__item-image\">\r\n\t\t\t\t\t<div class=\"premium-adv-carousel__media-wrap\">\r\n\t\t\t\t\t\t\t\t\t\t\t\t\t\t<img decoding=\"async\" src=\"https:\/\/joseluispena.es\/wp-content\/uploads\/2023\/04\/23844577_1118264768275873_5347033506269425017_n.jpg\" alt=\"23844577_1118264768275873_5347033506269425017_n\" class=\"premium-adv-carousel__item-img premium-hover-effects__zoomin\">\r\n\t\t\t\t\t\t\t\t\t\t\t\t<\/div>\r\n\r\n\t\t\t\t\t\r\n\t\t\t\t\t\t\t\t\t<\/div>\r\n\t\t\t<\/div>\r\n\t\t\t\t\t\t<div class=\"premium-adv-carousel__item-outer-wrapper\">\r\n\t\t\t\t<div class=\"elementor-repeater-item-b766b9a premium-adv-carousel__item premium-adv-carousel__item-image\">\r\n\t\t\t\t\t<div class=\"premium-adv-carousel__media-wrap\">\r\n\t\t\t\t\t\t\t\t\t\t\t\t\t\t<img decoding=\"async\" src=\"https:\/\/joseluispena.es\/wp-content\/uploads\/2023\/02\/13151489_725681104200910_6797529317687706783_n.jpg\" alt=\"13151489_725681104200910_6797529317687706783_n\" class=\"premium-adv-carousel__item-img premium-hover-effects__zoomin\">\r\n\t\t\t\t\t\t\t\t\t\t\t\t<\/div>\r\n\r\n\t\t\t\t\t\r\n\t\t\t\t\t\t\t\t\t<\/div>\r\n\t\t\t<\/div>\r\n\t\t\t\t\t\t<div class=\"premium-adv-carousel__item-outer-wrapper\">\r\n\t\t\t\t<div class=\"elementor-repeater-item-6ccfe39 premium-adv-carousel__item premium-adv-carousel__item-image\">\r\n\t\t\t\t\t<div class=\"premium-adv-carousel__media-wrap\">\r\n\t\t\t\t\t\t\t\t\t\t\t\t\t\t<img decoding=\"async\" src=\"https:\/\/joseluispena.es\/wp-content\/uploads\/2023\/02\/52582617_1579309572171388_4961407080578678784_n.jpg\" alt=\"52582617_1579309572171388_4961407080578678784_n\" class=\"premium-adv-carousel__item-img premium-hover-effects__zoomin\">\r\n\t\t\t\t\t\t\t\t\t\t\t\t<\/div>\r\n\r\n\t\t\t\t\t\r\n\t\t\t\t\t\t\t\t\t<\/div>\r\n\t\t\t<\/div>\r\n\t\t\t\t\t\t<div class=\"premium-adv-carousel__item-outer-wrapper\">\r\n\t\t\t\t<div class=\"elementor-repeater-item-45ad9b3 premium-adv-carousel__item premium-adv-carousel__item-image\">\r\n\t\t\t\t\t<div class=\"premium-adv-carousel__media-wrap\">\r\n\t\t\t\t\t\t\t\t\t\t\t\t\t\t<img decoding=\"async\" src=\"https:\/\/joseluispena.es\/wp-content\/uploads\/2023\/04\/23795450_1118261874942829_369555852206997886_n.jpg\" alt=\"23795450_1118261874942829_369555852206997886_n\" class=\"premium-adv-carousel__item-img premium-hover-effects__zoomin\">\r\n\t\t\t\t\t\t\t\t\t\t\t\t<\/div>\r\n\r\n\t\t\t\t\t\r\n\t\t\t\t\t\t\t\t\t<\/div>\r\n\t\t\t<\/div>\r\n\t\t\t\t\t\t\t<\/div>\r\n\t\t\t<\/div>\r\n\t\t<\/div>\r\n\t\t\t\t\t\t<\/div>\n\t\t\t\t<\/div>\n\t\t\t\t\t<\/div>\n\t\t<\/div>\n\t\t\t\t\t<\/div>\n\t\t<\/section>\n\t\t\t\t\t<\/div>\n\t\t<\/div>\n\t\t\t\t\t<\/div>\n\t\t<\/section>\n\t\t\t\t<section data-particle_enable=\"false\" data-particle-mobile-disabled=\"false\" class=\"elementor-section elementor-top-section elementor-element elementor-element-1a1f7fb elementor-hidden-widescreen elementor-hidden-desktop elementor-hidden-tablet elementor-hidden-mobile elementor-section-boxed elementor-section-height-default elementor-section-height-default\" data-id=\"1a1f7fb\" data-element_type=\"section\" data-e-type=\"section\" data-settings=\"{&quot;background_background&quot;:&quot;classic&quot;}\">\n\t\t\t\t\t\t\t<div class=\"elementor-background-overlay\"><\/div>\n\t\t\t\t\t\t\t<div class=\"elementor-container elementor-column-gap-default\">\n\t\t\t\t\t<div class=\"elementor-column elementor-col-50 elementor-top-column elementor-element elementor-element-27588da\" data-id=\"27588da\" data-element_type=\"column\" data-e-type=\"column\">\n\t\t\t<div class=\"elementor-widget-wrap elementor-element-populated\">\n\t\t\t\t\t\t<div class=\"elementor-element elementor-element-a130a33 elementor-widget elementor-widget-text-editor\" data-id=\"a130a33\" data-element_type=\"widget\" data-e-type=\"widget\" data-widget_type=\"text-editor.default\">\n\t\t\t\t<div class=\"elementor-widget-container\">\n\t\t\t\t\t\t\t\t\t<p>Eu iusto dolorum pro, facer oportere duo ne. Cum ei commune instructior. Ne dicat qualisque ullamcorper ius, ubique dolorum consetetur in vis. Nisl commodo te sed.<\/p><p>\u00a0<\/p><p>Eu iusto dolorum pro, facer oportere duo ne. Cum ei commune instructior. Ne dicat qualisque ullamcorper ius, ubique dolorum consetetur in vis. Nisl commodo te sed.<\/p>\t\t\t\t\t\t\t\t<\/div>\n\t\t\t\t<\/div>\n\t\t\t\t\t<\/div>\n\t\t<\/div>\n\t\t\t\t<div class=\"elementor-column elementor-col-50 elementor-top-column elementor-element elementor-element-3a93eb7\" data-id=\"3a93eb7\" data-element_type=\"column\" data-e-type=\"column\">\n\t\t\t<div class=\"elementor-widget-wrap elementor-element-populated\">\n\t\t\t\t\t\t<section data-particle_enable=\"false\" data-particle-mobile-disabled=\"false\" class=\"elementor-section elementor-inner-section elementor-element elementor-element-9bd0160 elementor-section-boxed elementor-section-height-default elementor-section-height-default\" data-id=\"9bd0160\" data-element_type=\"section\" data-e-type=\"section\">\n\t\t\t\t\t\t<div class=\"elementor-container elementor-column-gap-default\">\n\t\t\t\t\t<div class=\"elementor-column elementor-col-50 elementor-inner-column elementor-element elementor-element-4b92c5d\" data-id=\"4b92c5d\" data-element_type=\"column\" data-e-type=\"column\">\n\t\t\t<div class=\"elementor-widget-wrap elementor-element-populated\">\n\t\t\t\t\t\t<div class=\"elementor-element elementor-element-7b74a15 elementor-widget elementor-widget-image\" data-id=\"7b74a15\" data-element_type=\"widget\" data-e-type=\"widget\" data-widget_type=\"image.default\">\n\t\t\t\t<div class=\"elementor-widget-container\">\n\t\t\t\t\t\t\t\t\t\t\t\t\t\t\t<img fetchpriority=\"high\" decoding=\"async\" width=\"800\" height=\"532\" src=\"https:\/\/joseluispena.es\/wp-content\/uploads\/2023\/04\/13064709_725679007534453_7763073914167877992_o-1-1024x681.jpg\" class=\"attachment-large size-large wp-image-1831\" alt=\"\" srcset=\"https:\/\/joseluispena.es\/wp-content\/uploads\/2023\/04\/13064709_725679007534453_7763073914167877992_o-1-1024x681.jpg 1024w, https:\/\/joseluispena.es\/wp-content\/uploads\/2023\/04\/13064709_725679007534453_7763073914167877992_o-1-600x399.jpg 600w, https:\/\/joseluispena.es\/wp-content\/uploads\/2023\/04\/13064709_725679007534453_7763073914167877992_o-1-300x200.jpg 300w, https:\/\/joseluispena.es\/wp-content\/uploads\/2023\/04\/13064709_725679007534453_7763073914167877992_o-1-768x511.jpg 768w, https:\/\/joseluispena.es\/wp-content\/uploads\/2023\/04\/13064709_725679007534453_7763073914167877992_o-1.jpg 1148w\" sizes=\"(max-width: 800px) 100vw, 800px\" \/>\t\t\t\t\t\t\t\t\t\t\t\t\t\t\t<\/div>\n\t\t\t\t<\/div>\n\t\t\t\t<div class=\"elementor-element elementor-element-daa161d elementor-widget elementor-widget-image\" data-id=\"daa161d\" data-element_type=\"widget\" data-e-type=\"widget\" data-widget_type=\"image.default\">\n\t\t\t\t<div class=\"elementor-widget-container\">\n\t\t\t\t\t\t\t\t\t\t\t\t\t\t\t<img decoding=\"async\" width=\"800\" height=\"532\" src=\"https:\/\/joseluispena.es\/wp-content\/uploads\/2023\/04\/13173177_725679744201046_3256979066545842791_o-1-1024x681.jpg\" class=\"attachment-large size-large wp-image-1757\" alt=\"\" srcset=\"https:\/\/joseluispena.es\/wp-content\/uploads\/2023\/04\/13173177_725679744201046_3256979066545842791_o-1-1024x681.jpg 1024w, https:\/\/joseluispena.es\/wp-content\/uploads\/2023\/04\/13173177_725679744201046_3256979066545842791_o-1-600x399.jpg 600w, https:\/\/joseluispena.es\/wp-content\/uploads\/2023\/04\/13173177_725679744201046_3256979066545842791_o-1-300x200.jpg 300w, https:\/\/joseluispena.es\/wp-content\/uploads\/2023\/04\/13173177_725679744201046_3256979066545842791_o-1-768x511.jpg 768w, https:\/\/joseluispena.es\/wp-content\/uploads\/2023\/04\/13173177_725679744201046_3256979066545842791_o-1.jpg 1148w\" sizes=\"(max-width: 800px) 100vw, 800px\" \/>\t\t\t\t\t\t\t\t\t\t\t\t\t\t\t<\/div>\n\t\t\t\t<\/div>\n\t\t\t\t\t<\/div>\n\t\t<\/div>\n\t\t\t\t<div class=\"elementor-column elementor-col-50 elementor-inner-column elementor-element elementor-element-868a6c4\" data-id=\"868a6c4\" data-element_type=\"column\" data-e-type=\"column\">\n\t\t\t<div class=\"elementor-widget-wrap elementor-element-populated\">\n\t\t\t\t\t\t<div class=\"elementor-element elementor-element-1adf648 elementor-widget elementor-widget-image\" data-id=\"1adf648\" data-element_type=\"widget\" data-e-type=\"widget\" data-widget_type=\"image.default\">\n\t\t\t\t<div class=\"elementor-widget-container\">\n\t\t\t\t\t\t\t\t\t\t\t\t\t\t\t<img decoding=\"async\" width=\"800\" height=\"600\" src=\"https:\/\/joseluispena.es\/wp-content\/uploads\/2023\/04\/23844577_1118264768275873_5347033506269425017_n.jpg\" class=\"attachment-large size-large wp-image-1813\" alt=\"\" srcset=\"https:\/\/joseluispena.es\/wp-content\/uploads\/2023\/04\/23844577_1118264768275873_5347033506269425017_n.jpg 960w, https:\/\/joseluispena.es\/wp-content\/uploads\/2023\/04\/23844577_1118264768275873_5347033506269425017_n-600x450.jpg 600w, https:\/\/joseluispena.es\/wp-content\/uploads\/2023\/04\/23844577_1118264768275873_5347033506269425017_n-300x225.jpg 300w, https:\/\/joseluispena.es\/wp-content\/uploads\/2023\/04\/23844577_1118264768275873_5347033506269425017_n-768x576.jpg 768w\" sizes=\"(max-width: 800px) 100vw, 800px\" \/>\t\t\t\t\t\t\t\t\t\t\t\t\t\t\t<\/div>\n\t\t\t\t<\/div>\n\t\t\t\t<div class=\"elementor-element elementor-element-d2baea9 elementor-widget elementor-widget-image\" data-id=\"d2baea9\" data-element_type=\"widget\" data-e-type=\"widget\" data-widget_type=\"image.default\">\n\t\t\t\t<div class=\"elementor-widget-container\">\n\t\t\t\t\t\t\t\t\t\t\t\t\t\t\t<img loading=\"lazy\" decoding=\"async\" width=\"627\" height=\"960\" src=\"https:\/\/joseluispena.es\/wp-content\/uploads\/2023\/02\/13151489_725681104200910_6797529317687706783_n.jpg\" class=\"attachment-large size-large wp-image-1002\" alt=\"\" srcset=\"https:\/\/joseluispena.es\/wp-content\/uploads\/2023\/02\/13151489_725681104200910_6797529317687706783_n.jpg 627w, https:\/\/joseluispena.es\/wp-content\/uploads\/2023\/02\/13151489_725681104200910_6797529317687706783_n-600x919.jpg 600w, https:\/\/joseluispena.es\/wp-content\/uploads\/2023\/02\/13151489_725681104200910_6797529317687706783_n-196x300.jpg 196w\" sizes=\"(max-width: 627px) 100vw, 627px\" \/>\t\t\t\t\t\t\t\t\t\t\t\t\t\t\t<\/div>\n\t\t\t\t<\/div>\n\t\t\t\t\t<\/div>\n\t\t<\/div>\n\t\t\t\t\t<\/div>\n\t\t<\/section>\n\t\t\t\t\t<\/div>\n\t\t<\/div>\n\t\t\t\t\t<\/div>\n\t\t<\/section>\n\t\t\t\t<\/div>","protected":false},"excerpt":{"rendered":"<p>Fabricaci\u00f3n de muebles de jard\u00edn Nuestra carpinter\u00eda artesanal da vida a muebles de jard\u00edn excepcionales. Con destreza y atenci\u00f3n al detalle, creamos piezas \u00fanicas. Con una variedad de estilos y dise\u00f1os, ofrecemos opciones para cada preferencia, desde mesas hasta caba\u00f1as, creando un ambiente perfecto al aire libre. Disfruta de un jard\u00edn con encanto gracias a [&hellip;]<\/p>\n","protected":false},"author":2,"featured_media":0,"parent":0,"menu_order":0,"comment_status":"closed","ping_status":"closed","template":"","meta":{"_seopress_robots_primary_cat":"","_seopress_titles_title":"%%post_title%% %%sep%% %%sitetitle%%","_seopress_titles_desc":"Descubre muebles de jard\u00edn artesanales y duraderos. Encuentra la combinaci\u00f3n perfecta de funcionalidad y estilo para tu espacio exterior.","_seopress_robots_index":"","footnotes":""},"class_list":["post-2062","page","type-page","status-publish","hentry"],"_links":{"self":[{"href":"https:\/\/joseluispena.es\/gl\/wp-json\/wp\/v2\/pages\/2062","targetHints":{"allow":["GET"]}}],"collection":[{"href":"https:\/\/joseluispena.es\/gl\/wp-json\/wp\/v2\/pages"}],"about":[{"href":"https:\/\/joseluispena.es\/gl\/wp-json\/wp\/v2\/types\/page"}],"author":[{"embeddable":true,"href":"https:\/\/joseluispena.es\/gl\/wp-json\/wp\/v2\/users\/2"}],"replies":[{"embeddable":true,"href":"https:\/\/joseluispena.es\/gl\/wp-json\/wp\/v2\/comments?post=2062"}],"version-history":[{"count":11,"href":"https:\/\/joseluispena.es\/gl\/wp-json\/wp\/v2\/pages\/2062\/revisions"}],"predecessor-version":[{"id":4083,"href":"https:\/\/joseluispena.es\/gl\/wp-json\/wp\/v2\/pages\/2062\/revisions\/4083"}],"wp:attachment":[{"href":"https:\/\/joseluispena.es\/gl\/wp-json\/wp\/v2\/media?parent=2062"}],"curies":[{"name":"wp","href":"https:\/\/api.w.org\/{rel}","templated":true}]}}