{"id":2076,"date":"2023-09-05T22:02:40","date_gmt":"2023-09-05T20:02:40","guid":{"rendered":"https:\/\/joseluispena.es\/?page_id=2076"},"modified":"2024-05-06T12:29:28","modified_gmt":"2024-05-06T10:29:28","slug":"fabricacion-de-cocinas-muebles-de-comedor-de-salon-dormitorios-armarios-empotrados-escaleras","status":"publish","type":"page","link":"https:\/\/joseluispena.es\/gl\/fabricacion-de-cocinas-muebles-de-comedor-de-salon-dormitorios-armarios-empotrados-escaleras\/","title":{"rendered":"Fabricaci\u00f3n de cocinas. Muebles de comedor, de sal\u00f3n, dormitorios, armarios empotrados, escaleras"},"content":{"rendered":"<div data-elementor-type=\"wp-page\" data-elementor-id=\"2076\" class=\"elementor elementor-2076\" data-elementor-post-type=\"page\">\n\t\t\t\t\t\t<section data-particle_enable=\"false\" data-particle-mobile-disabled=\"false\" class=\"elementor-section elementor-top-section elementor-element elementor-element-2deca5f6 elementor-section-height-min-height elementor-section-boxed elementor-section-height-default elementor-section-items-middle\" data-id=\"2deca5f6\" data-element_type=\"section\" data-e-type=\"section\" data-settings=\"{&quot;background_background&quot;:&quot;classic&quot;}\">\n\t\t\t\t\t\t\t<div class=\"elementor-background-overlay\"><\/div>\n\t\t\t\t\t\t\t<div class=\"elementor-container elementor-column-gap-default\">\n\t\t\t\t\t<div class=\"elementor-column elementor-col-100 elementor-top-column elementor-element elementor-element-56b83e6c\" data-id=\"56b83e6c\" data-element_type=\"column\" data-e-type=\"column\">\n\t\t\t<div class=\"elementor-widget-wrap elementor-element-populated\">\n\t\t\t\t\t\t<section data-particle_enable=\"false\" data-particle-mobile-disabled=\"false\" class=\"elementor-section elementor-inner-section elementor-element elementor-element-74531703 elementor-section-boxed elementor-section-height-default elementor-section-height-default\" data-id=\"74531703\" data-element_type=\"section\" data-e-type=\"section\">\n\t\t\t\t\t\t<div class=\"elementor-container elementor-column-gap-default\">\n\t\t\t\t\t<div class=\"elementor-column elementor-col-100 elementor-inner-column elementor-element elementor-element-1666069\" data-id=\"1666069\" data-element_type=\"column\" data-e-type=\"column\">\n\t\t\t<div class=\"elementor-widget-wrap elementor-element-populated\">\n\t\t\t\t\t\t<div class=\"elementor-element elementor-element-3968f4bf elementor-widget-widescreen__width-initial elementor-widget elementor-widget-heading\" data-id=\"3968f4bf\" data-element_type=\"widget\" data-e-type=\"widget\" data-widget_type=\"heading.default\">\n\t\t\t\t<div class=\"elementor-widget-container\">\n\t\t\t\t\t<h2 class=\"elementor-heading-title elementor-size-default\">Fabricaci\u00f3n de coci\u00f1as, mobles de sal\u00f3n e comedor<\/h2>\t\t\t\t<\/div>\n\t\t\t\t<\/div>\n\t\t\t\t\t<\/div>\n\t\t<\/div>\n\t\t\t\t\t<\/div>\n\t\t<\/section>\n\t\t\t\t\t<\/div>\n\t\t<\/div>\n\t\t\t\t\t<\/div>\n\t\t<\/section>\n\t\t\t\t<section data-particle_enable=\"false\" data-particle-mobile-disabled=\"false\" class=\"elementor-section elementor-top-section elementor-element elementor-element-42f7a5b1 elementor-section-boxed elementor-section-height-default elementor-section-height-default\" data-id=\"42f7a5b1\" data-element_type=\"section\" data-e-type=\"section\" data-settings=\"{&quot;background_background&quot;:&quot;classic&quot;}\">\n\t\t\t\t\t\t\t<div class=\"elementor-background-overlay\"><\/div>\n\t\t\t\t\t\t\t<div class=\"elementor-container elementor-column-gap-default\">\n\t\t\t\t\t<div class=\"elementor-column elementor-col-50 elementor-top-column elementor-element elementor-element-6fde3f06\" data-id=\"6fde3f06\" data-element_type=\"column\" data-e-type=\"column\">\n\t\t\t<div class=\"elementor-widget-wrap elementor-element-populated\">\n\t\t\t\t\t\t<div class=\"elementor-element elementor-element-27230a68 elementor-widget elementor-widget-text-editor\" data-id=\"27230a68\" data-element_type=\"widget\" data-e-type=\"widget\" data-widget_type=\"text-editor.default\">\n\t\t\t\t<div class=\"elementor-widget-container\">\n\t\t\t\t\t\t\t\t\t<p>O noso servizo de fabricaci\u00f3n de coci\u00f1as, mobles de sal\u00f3n e comedor redefine a elegancia do fogar.<\/p><p>En cada peza os detalles est\u00e1n coidadosamente pensados para crear un conxunto funcional e est\u00e9tico.<\/p><p>Dende coci\u00f1as modernas ata mobles que creen un ambiente acolledor. Transformamos espazos ao elevar a calidade de vida grazas ao dese\u00f1o e \u00e1 eficacia excepcional.<\/p>\t\t\t\t\t\t\t\t<\/div>\n\t\t\t\t<\/div>\n\t\t\t\t\t<\/div>\n\t\t<\/div>\n\t\t\t\t<div class=\"elementor-column elementor-col-50 elementor-top-column elementor-element elementor-element-f69614a\" data-id=\"f69614a\" data-element_type=\"column\" data-e-type=\"column\">\n\t\t\t<div class=\"elementor-widget-wrap elementor-element-populated\">\n\t\t\t\t\t\t<section data-particle_enable=\"false\" data-particle-mobile-disabled=\"false\" class=\"elementor-section elementor-inner-section elementor-element elementor-element-449ac5f1 elementor-section-boxed elementor-section-height-default elementor-section-height-default\" data-id=\"449ac5f1\" data-element_type=\"section\" data-e-type=\"section\">\n\t\t\t\t\t\t<div class=\"elementor-container elementor-column-gap-default\">\n\t\t\t\t\t<div class=\"elementor-column elementor-col-100 elementor-inner-column elementor-element elementor-element-3b365331\" data-id=\"3b365331\" data-element_type=\"column\" data-e-type=\"column\">\n\t\t\t<div class=\"elementor-widget-wrap elementor-element-populated\">\n\t\t\t\t\t\t<div class=\"elementor-element elementor-element-3eabc99a premium-adv-carousel__infinite premium-adv-carousel__horizontal elementor-widget elementor-widget-premium-media-wheel\" data-id=\"3eabc99a\" data-element_type=\"widget\" data-e-type=\"widget\" data-widget_type=\"premium-media-wheel.default\">\n\t\t\t\t<div class=\"elementor-widget-container\">\n\t\t\t\t\t\t\t<div class=\"premium-adv-carousel-no-lightbox premium-adv-carousel__container\" data-settings=\"{&quot;type&quot;:&quot;infinite&quot;,&quot;scroll&quot;:false,&quot;speed&quot;:55,&quot;pauseOnHover&quot;:true,&quot;dir&quot;:&quot;horizontal&quot;,&quot;reverse&quot;:&quot;normal&quot;,&quot;renderEvent&quot;:&quot;scroll&quot;}\">\r\n\r\n\t\t\t<div style=\"visibility:hidden;\" class=\"premium-adv-carousel__inner-container\">\r\n\r\n\t\t\t\t<div class=\"premium-adv-carousel__items\">\r\n\r\n\t\t\t\t\t\t\t\t<div class=\"premium-adv-carousel__item-outer-wrapper\">\r\n\t\t\t\t<div class=\"elementor-repeater-item-160c281 premium-adv-carousel__item premium-adv-carousel__item-image\">\r\n\t\t\t\t\t<div class=\"premium-adv-carousel__media-wrap\">\r\n\t\t\t\t\t\t\t\t\t\t\t\t\t\t<img decoding=\"async\" src=\"https:\/\/joseluispena.es\/wp-content\/uploads\/2023\/12\/mueble-cocina.jpg\" alt=\"mueble cocina\" class=\"premium-adv-carousel__item-img premium-hover-effects__zoomin\">\r\n\t\t\t\t\t\t\t\t\t\t\t\t<\/div>\r\n\r\n\t\t\t\t\t\r\n\t\t\t\t\t\t\t\t\t<\/div>\r\n\t\t\t<\/div>\r\n\t\t\t\t\t\t<div class=\"premium-adv-carousel__item-outer-wrapper\">\r\n\t\t\t\t<div class=\"elementor-repeater-item-b766b9a premium-adv-carousel__item premium-adv-carousel__item-image\">\r\n\t\t\t\t\t<div class=\"premium-adv-carousel__media-wrap\">\r\n\t\t\t\t\t\t\t\t\t\t\t\t\t\t<img decoding=\"async\" src=\"https:\/\/joseluispena.es\/wp-content\/uploads\/2023\/11\/Banco-de-madera-1-e1701169570151.jpg\" alt=\"Banco de madera 1\" class=\"premium-adv-carousel__item-img premium-hover-effects__zoomin\">\r\n\t\t\t\t\t\t\t\t\t\t\t\t<\/div>\r\n\r\n\t\t\t\t\t\r\n\t\t\t\t\t\t\t\t\t<\/div>\r\n\t\t\t<\/div>\r\n\t\t\t\t\t\t<div class=\"premium-adv-carousel__item-outer-wrapper\">\r\n\t\t\t\t<div class=\"elementor-repeater-item-6ccfe39 premium-adv-carousel__item premium-adv-carousel__item-image\">\r\n\t\t\t\t\t<div class=\"premium-adv-carousel__media-wrap\">\r\n\t\t\t\t\t\t\t\t\t\t\t\t\t\t<img decoding=\"async\" src=\"https:\/\/joseluispena.es\/wp-content\/uploads\/2023\/12\/auxiliar-cocina.jpg\" alt=\"auxiliar cocina\" class=\"premium-adv-carousel__item-img premium-hover-effects__zoomin\">\r\n\t\t\t\t\t\t\t\t\t\t\t\t<\/div>\r\n\r\n\t\t\t\t\t\r\n\t\t\t\t\t\t\t\t\t<\/div>\r\n\t\t\t<\/div>\r\n\t\t\t\t\t\t<div class=\"premium-adv-carousel__item-outer-wrapper\">\r\n\t\t\t\t<div class=\"elementor-repeater-item-45ad9b3 premium-adv-carousel__item premium-adv-carousel__item-image\">\r\n\t\t\t\t\t<div class=\"premium-adv-carousel__media-wrap\">\r\n\t\t\t\t\t\t\t\t\t\t\t\t\t\t<img decoding=\"async\" src=\"https:\/\/joseluispena.es\/wp-content\/uploads\/2023\/12\/salon.jpg\" alt=\"salon\" class=\"premium-adv-carousel__item-img premium-hover-effects__zoomin\">\r\n\t\t\t\t\t\t\t\t\t\t\t\t<\/div>\r\n\r\n\t\t\t\t\t\r\n\t\t\t\t\t\t\t\t\t<\/div>\r\n\t\t\t<\/div>\r\n\t\t\t\t\t\t\t<\/div>\r\n\t\t\t<\/div>\r\n\t\t<\/div>\r\n\t\t\t\t\t\t<\/div>\n\t\t\t\t<\/div>\n\t\t\t\t\t<\/div>\n\t\t<\/div>\n\t\t\t\t\t<\/div>\n\t\t<\/section>\n\t\t\t\t\t<\/div>\n\t\t<\/div>\n\t\t\t\t\t<\/div>\n\t\t<\/section>\n\t\t\t\t<section data-particle_enable=\"false\" data-particle-mobile-disabled=\"false\" class=\"elementor-section elementor-top-section elementor-element elementor-element-a202a3a elementor-hidden-widescreen elementor-hidden-desktop elementor-hidden-tablet elementor-hidden-mobile elementor-section-boxed elementor-section-height-default elementor-section-height-default\" data-id=\"a202a3a\" data-element_type=\"section\" data-e-type=\"section\" data-settings=\"{&quot;background_background&quot;:&quot;classic&quot;}\">\n\t\t\t\t\t\t\t<div class=\"elementor-background-overlay\"><\/div>\n\t\t\t\t\t\t\t<div class=\"elementor-container elementor-column-gap-default\">\n\t\t\t\t\t<div class=\"elementor-column elementor-col-50 elementor-top-column elementor-element elementor-element-130965d\" data-id=\"130965d\" data-element_type=\"column\" data-e-type=\"column\">\n\t\t\t<div class=\"elementor-widget-wrap elementor-element-populated\">\n\t\t\t\t\t\t<div class=\"elementor-element elementor-element-d11350c elementor-widget elementor-widget-text-editor\" data-id=\"d11350c\" data-element_type=\"widget\" data-e-type=\"widget\" data-widget_type=\"text-editor.default\">\n\t\t\t\t<div class=\"elementor-widget-container\">\n\t\t\t\t\t\t\t\t\t<p>Eu iusto dolorum pro, facer oportere duo ne. Cum ei commune instructior. Ne dicat qualisque ullamcorper ius, ubique dolorum consetetur in vis. Nisl commodo te sed.<\/p><p>\u00a0<\/p><p>Eu iusto dolorum pro, facer oportere duo ne. Cum ei commune instructior. Ne dicat qualisque ullamcorper ius, ubique dolorum consetetur in vis. Nisl commodo te sed.<\/p>\t\t\t\t\t\t\t\t<\/div>\n\t\t\t\t<\/div>\n\t\t\t\t\t<\/div>\n\t\t<\/div>\n\t\t\t\t<div class=\"elementor-column elementor-col-50 elementor-top-column elementor-element elementor-element-c0720a0\" data-id=\"c0720a0\" data-element_type=\"column\" data-e-type=\"column\">\n\t\t\t<div class=\"elementor-widget-wrap elementor-element-populated\">\n\t\t\t\t\t\t<section data-particle_enable=\"false\" data-particle-mobile-disabled=\"false\" class=\"elementor-section elementor-inner-section elementor-element elementor-element-1567120 elementor-section-boxed elementor-section-height-default elementor-section-height-default\" data-id=\"1567120\" data-element_type=\"section\" data-e-type=\"section\">\n\t\t\t\t\t\t<div class=\"elementor-container elementor-column-gap-default\">\n\t\t\t\t\t<div class=\"elementor-column elementor-col-50 elementor-inner-column elementor-element elementor-element-e20e6e6\" data-id=\"e20e6e6\" data-element_type=\"column\" data-e-type=\"column\">\n\t\t\t<div class=\"elementor-widget-wrap elementor-element-populated\">\n\t\t\t\t\t\t<div class=\"elementor-element elementor-element-f364ac0 elementor-widget elementor-widget-image\" data-id=\"f364ac0\" data-element_type=\"widget\" data-e-type=\"widget\" data-widget_type=\"image.default\">\n\t\t\t\t<div class=\"elementor-widget-container\">\n\t\t\t\t\t\t\t\t\t\t\t\t\t\t\t<img fetchpriority=\"high\" decoding=\"async\" width=\"800\" height=\"503\" src=\"https:\/\/joseluispena.es\/wp-content\/uploads\/2023\/09\/Mueble-Gris.jpg\" class=\"attachment-large size-large wp-image-1960\" alt=\"\" srcset=\"https:\/\/joseluispena.es\/wp-content\/uploads\/2023\/09\/Mueble-Gris.jpg 800w, https:\/\/joseluispena.es\/wp-content\/uploads\/2023\/09\/Mueble-Gris-600x377.jpg 600w, https:\/\/joseluispena.es\/wp-content\/uploads\/2023\/09\/Mueble-Gris-300x189.jpg 300w, https:\/\/joseluispena.es\/wp-content\/uploads\/2023\/09\/Mueble-Gris-768x483.jpg 768w\" sizes=\"(max-width: 800px) 100vw, 800px\" \/>\t\t\t\t\t\t\t\t\t\t\t\t\t\t\t<\/div>\n\t\t\t\t<\/div>\n\t\t\t\t<div class=\"elementor-element elementor-element-d390138 elementor-widget elementor-widget-image\" data-id=\"d390138\" data-element_type=\"widget\" data-e-type=\"widget\" data-widget_type=\"image.default\">\n\t\t\t\t<div class=\"elementor-widget-container\">\n\t\t\t\t\t\t\t\t\t\t\t\t\t\t\t<img decoding=\"async\" width=\"800\" height=\"532\" src=\"https:\/\/joseluispena.es\/wp-content\/uploads\/2023\/04\/18359397_969028569866161_5828330560128398534_o-1024x681.jpg\" class=\"attachment-large size-large wp-image-1762\" alt=\"\" srcset=\"https:\/\/joseluispena.es\/wp-content\/uploads\/2023\/04\/18359397_969028569866161_5828330560128398534_o-1024x681.jpg 1024w, https:\/\/joseluispena.es\/wp-content\/uploads\/2023\/04\/18359397_969028569866161_5828330560128398534_o-600x399.jpg 600w, https:\/\/joseluispena.es\/wp-content\/uploads\/2023\/04\/18359397_969028569866161_5828330560128398534_o-300x200.jpg 300w, https:\/\/joseluispena.es\/wp-content\/uploads\/2023\/04\/18359397_969028569866161_5828330560128398534_o-768x511.jpg 768w, https:\/\/joseluispena.es\/wp-content\/uploads\/2023\/04\/18359397_969028569866161_5828330560128398534_o.jpg 1148w\" sizes=\"(max-width: 800px) 100vw, 800px\" \/>\t\t\t\t\t\t\t\t\t\t\t\t\t\t\t<\/div>\n\t\t\t\t<\/div>\n\t\t\t\t\t<\/div>\n\t\t<\/div>\n\t\t\t\t<div class=\"elementor-column elementor-col-50 elementor-inner-column elementor-element elementor-element-d687efe\" data-id=\"d687efe\" data-element_type=\"column\" data-e-type=\"column\">\n\t\t\t<div class=\"elementor-widget-wrap elementor-element-populated\">\n\t\t\t\t\t\t<div class=\"elementor-element elementor-element-7a3baea elementor-widget elementor-widget-image\" data-id=\"7a3baea\" data-element_type=\"widget\" data-e-type=\"widget\" data-widget_type=\"image.default\">\n\t\t\t\t<div class=\"elementor-widget-container\">\n\t\t\t\t\t\t\t\t\t\t\t\t\t\t\t<img decoding=\"async\" width=\"800\" height=\"529\" src=\"https:\/\/joseluispena.es\/wp-content\/uploads\/2023\/09\/Mesa-de-madera-de-castano.jpg\" class=\"attachment-large size-large wp-image-1958\" alt=\"\" srcset=\"https:\/\/joseluispena.es\/wp-content\/uploads\/2023\/09\/Mesa-de-madera-de-castano.jpg 800w, https:\/\/joseluispena.es\/wp-content\/uploads\/2023\/09\/Mesa-de-madera-de-castano-600x397.jpg 600w, https:\/\/joseluispena.es\/wp-content\/uploads\/2023\/09\/Mesa-de-madera-de-castano-300x198.jpg 300w, https:\/\/joseluispena.es\/wp-content\/uploads\/2023\/09\/Mesa-de-madera-de-castano-768x508.jpg 768w\" sizes=\"(max-width: 800px) 100vw, 800px\" \/>\t\t\t\t\t\t\t\t\t\t\t\t\t\t\t<\/div>\n\t\t\t\t<\/div>\n\t\t\t\t\t<\/div>\n\t\t<\/div>\n\t\t\t\t\t<\/div>\n\t\t<\/section>\n\t\t\t\t\t<\/div>\n\t\t<\/div>\n\t\t\t\t\t<\/div>\n\t\t<\/section>\n\t\t\t\t<\/div>","protected":false},"excerpt":{"rendered":"<p>Fabricaci\u00f3n de Cocinas, Muebles de Sal\u00f3n y Comedor Nuestro servicio de fabricaci\u00f3n de cocinas, muebles de sal\u00f3n y comedor redefine la elegancia en el hogar. Cada pieza es creada con atenci\u00f3n al detalle, fusionando funcionalidad y estilo. Desde cocinas modernas hasta muebles acogedores, transformamos espacios, elevando la calidad de vida con dise\u00f1o y calidad excepcionales. [&hellip;]<\/p>\n","protected":false},"author":2,"featured_media":0,"parent":0,"menu_order":0,"comment_status":"closed","ping_status":"closed","template":"","meta":{"_seopress_robots_primary_cat":"","_seopress_titles_title":"%%post_title%% %%sep%% %%sitetitle%%","_seopress_titles_desc":"Dise\u00f1o y fabricaci\u00f3n de cocinas a medida. Encuentra muebles de calidad para tu comedor, sal\u00f3n, dormitorios y armarios empotrados con escaleras integradas.","_seopress_robots_index":"","footnotes":""},"class_list":["post-2076","page","type-page","status-publish","hentry"],"_links":{"self":[{"href":"https:\/\/joseluispena.es\/gl\/wp-json\/wp\/v2\/pages\/2076","targetHints":{"allow":["GET"]}}],"collection":[{"href":"https:\/\/joseluispena.es\/gl\/wp-json\/wp\/v2\/pages"}],"about":[{"href":"https:\/\/joseluispena.es\/gl\/wp-json\/wp\/v2\/types\/page"}],"author":[{"embeddable":true,"href":"https:\/\/joseluispena.es\/gl\/wp-json\/wp\/v2\/users\/2"}],"replies":[{"embeddable":true,"href":"https:\/\/joseluispena.es\/gl\/wp-json\/wp\/v2\/comments?post=2076"}],"version-history":[{"count":20,"href":"https:\/\/joseluispena.es\/gl\/wp-json\/wp\/v2\/pages\/2076\/revisions"}],"predecessor-version":[{"id":4082,"href":"https:\/\/joseluispena.es\/gl\/wp-json\/wp\/v2\/pages\/2076\/revisions\/4082"}],"wp:attachment":[{"href":"https:\/\/joseluispena.es\/gl\/wp-json\/wp\/v2\/media?parent=2076"}],"curies":[{"name":"wp","href":"https:\/\/api.w.org\/{rel}","templated":true}]}}