{"id":3966,"date":"2023-12-22T22:04:07","date_gmt":"2023-12-22T21:04:07","guid":{"rendered":"https:\/\/joseluispena.es\/?post_type=product&#038;p=3966"},"modified":"2023-12-22T22:05:43","modified_gmt":"2023-12-22T21:05:43","slug":"puertas-y-ventanas-de-madera-de-castano","status":"publish","type":"product","link":"https:\/\/joseluispena.es\/gl\/produto\/puertas-y-ventanas-de-madera-de-castano\/","title":{"rendered":"Portas e fiestras de madeira de casti\u00f1eiro."},"content":{"rendered":"<p>Fiestras, portas de entrada e portas de balc\u00f3n fabricadas en madeira de casti\u00f1eiro de primeira calidade. Con ferraxes de lat\u00f3n.<\/p>\n<p>Constru\u00eddas no ano 1995 cun sistema de fabricaci\u00f3n artesanal de tipo franc\u00e9s e porta de entrada de tipo castel\u00e1n, nunca chegaron a empregarse na obra orixinal.<\/p>\n<p>Cun marco de 100x70 e de espesor de fiestras 60 mm, espesor da contravent\u00e1 de 30 mm con entrepanos de tipo castel\u00e1n, sen cristais, e admiten un climalit 4-6-4.<\/p>\n<p>Porta de entrada de tipo castel\u00e1n, con 18 entrepanos, marco de 100x70 e porta de 60 mm de grosor. Cerradura de seguridade de 1 punto (adaptable a seguridade de 3 puntos).<\/p>","protected":false},"excerpt":{"rendered":"<p>Vent\u00e1s e porta de entrada fabricadas en madeira de casti\u00f1eiro.<\/p>","protected":false},"featured_media":3976,"template":"","meta":{"_seopress_robots_primary_cat":"none","_seopress_titles_title":"","_seopress_titles_desc":"","_seopress_robots_index":""},"product_brand":[],"product_cat":[32],"product_tag":[],"class_list":{"0":"post-3966","1":"product","2":"type-product","3":"status-publish","4":"has-post-thumbnail","6":"product_cat-puertas-y-ventanas-de-exterior-e-interior","8":"first","9":"instock","10":"shipping-taxable","11":"product-type-simple"},"_links":{"self":[{"href":"https:\/\/joseluispena.es\/gl\/wp-json\/wp\/v2\/product\/3966","targetHints":{"allow":["GET"]}}],"collection":[{"href":"https:\/\/joseluispena.es\/gl\/wp-json\/wp\/v2\/product"}],"about":[{"href":"https:\/\/joseluispena.es\/gl\/wp-json\/wp\/v2\/types\/product"}],"wp:featuredmedia":[{"embeddable":true,"href":"https:\/\/joseluispena.es\/gl\/wp-json\/wp\/v2\/media\/3976"}],"wp:attachment":[{"href":"https:\/\/joseluispena.es\/gl\/wp-json\/wp\/v2\/media?parent=3966"}],"wp:term":[{"taxonomy":"product_brand","embeddable":true,"href":"https:\/\/joseluispena.es\/gl\/wp-json\/wp\/v2\/product_brand?post=3966"},{"taxonomy":"product_cat","embeddable":true,"href":"https:\/\/joseluispena.es\/gl\/wp-json\/wp\/v2\/product_cat?post=3966"},{"taxonomy":"product_tag","embeddable":true,"href":"https:\/\/joseluispena.es\/gl\/wp-json\/wp\/v2\/product_tag?post=3966"}],"curies":[{"name":"wp","href":"https:\/\/api.w.org\/{rel}","templated":true}]}}